{"id":18013,"date":"2019-12-27T11:53:01","date_gmt":"2019-12-27T11:53:01","guid":{"rendered":"https:\/\/pafritas.es\/tienda\/palitos-burger\/"},"modified":"2023-03-30T08:43:27","modified_gmt":"2023-03-30T08:43:27","slug":"batonnets-hamburgers","status":"publish","type":"product","link":"https:\/\/pafritas.es\/fr\/boutique\/batonnets-hamburgers\/","title":{"rendered":"Batonnets \u00e0 hamburgers"},"content":{"rendered":"","protected":false},"excerpt":{"rendered":"<p>Pomme de terre s\u00e9lectionn\u00e9e de vari\u00e9t\u00e9 aigre, dot\u00e9es\u00a0d\u00b4une coupe\u00a0 sp\u00e9ciale, ce qui lui donne\u00a0 une texture\u00a0 unique\u00a0 et irrempla\u00e7able; qui nous rappelle les pailles \u00ab\u00a0churrer\u00eda \u00bbd\u00b4une vie .faites avec de l\u00b4huile d\u00b4olive.<\/p>\n<p>Pour obtenir cette texture qui les rend si idylliques, nous utilisons la technique de refroidissement naturel.<br \/>\nIls sont la combinaison parfaite, pour accompagner une viande ou un poisson en sauce et pour cuisiner de savoureuses omelettes de pommes de terre.<\/p>\n","protected":false},"featured_media":18014,"comment_status":"open","ping_status":"closed","template":"","meta":[],"product_brand":[],"product_cat":[549],"product_tag":[],"class_list":{"0":"post-18013","1":"product","2":"type-product","3":"status-publish","4":"has-post-thumbnail","6":"product_cat-pommes-de-terre-sautees","8":"first","9":"instock","10":"shipping-taxable","11":"purchasable","12":"product-type-variable","13":"has-default-attributes"},"yoast_head":"<!-- This site is optimized with the Yoast SEO plugin v25.0 - https:\/\/yoast.com\/wordpress\/plugins\/seo\/ -->\n<title>Batonnets \u00e0 hamburgers - Pafritas<\/title>\n<meta name=\"robots\" content=\"index, follow, max-snippet:-1, max-image-preview:large, max-video-preview:-1\" \/>\n<link rel=\"canonical\" href=\"https:\/\/pafritas.es\/fr\/boutique\/batonnets-hamburgers\/\" \/>\n<meta property=\"og:locale\" content=\"fr_FR\" \/>\n<meta property=\"og:type\" content=\"article\" \/>\n<meta property=\"og:title\" content=\"Batonnets \u00e0 hamburgers - Pafritas\" \/>\n<meta property=\"og:description\" content=\"Pomme de terre s\u00e9lectionn\u00e9e de vari\u00e9t\u00e9 aigre, dot\u00e9es\u00a0d\u00b4une coupe\u00a0 sp\u00e9ciale, ce qui lui donne\u00a0 une texture\u00a0 unique\u00a0 et irrempla\u00e7able; qui nous rappelle les pailles \u00ab\u00a0churrer\u00eda \u00bbd\u00b4une vie .faites avec de l\u00b4huile d\u00b4olive.  Pour obtenir cette texture qui les rend si idylliques, nous utilisons la technique de refroidissement naturel. Ils sont la combinaison parfaite, pour accompagner une viande ou un poisson en sauce et pour cuisiner de savoureuses omelettes de pommes de terre.\" \/>\n<meta property=\"og:url\" content=\"https:\/\/pafritas.es\/fr\/boutique\/batonnets-hamburgers\/\" \/>\n<meta property=\"og:site_name\" content=\"Pafritas: Patatas fritas artesanales\" \/>\n<meta property=\"article:publisher\" content=\"https:\/\/www.facebook.com\/pafritasartesano\" \/>\n<meta property=\"article:modified_time\" content=\"2023-03-30T08:43:27+00:00\" \/>\n<meta property=\"og:image\" content=\"https:\/\/pafritas.es\/wp-content\/uploads\/2019\/12\/ImagenProductos_Tavola-disegno-1-copia-11.jpg\" \/>\n\t<meta property=\"og:image:width\" content=\"900\" \/>\n\t<meta property=\"og:image:height\" content=\"900\" \/>\n\t<meta property=\"og:image:type\" content=\"image\/jpeg\" \/>\n<meta name=\"twitter:card\" content=\"summary_large_image\" \/>\n<meta name=\"twitter:site\" content=\"@Pafritas\" \/>\n<script type=\"application\/ld+json\" class=\"yoast-schema-graph\">{\"@context\":\"https:\/\/schema.org\",\"@graph\":[{\"@type\":\"WebPage\",\"@id\":\"https:\/\/pafritas.es\/fr\/boutique\/batonnets-hamburgers\/\",\"url\":\"https:\/\/pafritas.es\/fr\/boutique\/batonnets-hamburgers\/\",\"name\":\"Batonnets \u00e0 hamburgers - Pafritas\",\"isPartOf\":{\"@id\":\"https:\/\/pafritas.es\/fr\/#website\"},\"primaryImageOfPage\":{\"@id\":\"https:\/\/pafritas.es\/fr\/boutique\/batonnets-hamburgers\/#primaryimage\"},\"image\":{\"@id\":\"https:\/\/pafritas.es\/fr\/boutique\/batonnets-hamburgers\/#primaryimage\"},\"thumbnailUrl\":\"https:\/\/pafritas.es\/wp-content\/uploads\/2019\/12\/ImagenProductos_Tavola-disegno-1-copia-11.jpg\",\"datePublished\":\"2019-12-27T11:53:01+00:00\",\"dateModified\":\"2023-03-30T08:43:27+00:00\",\"breadcrumb\":{\"@id\":\"https:\/\/pafritas.es\/fr\/boutique\/batonnets-hamburgers\/#breadcrumb\"},\"inLanguage\":\"fr-FR\",\"potentialAction\":[{\"@type\":\"ReadAction\",\"target\":[\"https:\/\/pafritas.es\/fr\/boutique\/batonnets-hamburgers\/\"]}]},{\"@type\":\"ImageObject\",\"inLanguage\":\"fr-FR\",\"@id\":\"https:\/\/pafritas.es\/fr\/boutique\/batonnets-hamburgers\/#primaryimage\",\"url\":\"https:\/\/pafritas.es\/wp-content\/uploads\/2019\/12\/ImagenProductos_Tavola-disegno-1-copia-11.jpg\",\"contentUrl\":\"https:\/\/pafritas.es\/wp-content\/uploads\/2019\/12\/ImagenProductos_Tavola-disegno-1-copia-11.jpg\",\"width\":900,\"height\":900},{\"@type\":\"BreadcrumbList\",\"@id\":\"https:\/\/pafritas.es\/fr\/boutique\/batonnets-hamburgers\/#breadcrumb\",\"itemListElement\":[{\"@type\":\"ListItem\",\"position\":1,\"name\":\"Portada\",\"item\":\"https:\/\/pafritas.es\/fr\/\"},{\"@type\":\"ListItem\",\"position\":2,\"name\":\"Produits\",\"item\":\"https:\/\/pafritas.es\/fr\/shop\/\"},{\"@type\":\"ListItem\",\"position\":3,\"name\":\"Batonnets \u00e0 hamburgers\"}]},{\"@type\":\"WebSite\",\"@id\":\"https:\/\/pafritas.es\/fr\/#website\",\"url\":\"https:\/\/pafritas.es\/fr\/\",\"name\":\"Pafritas: Patatas fritas artesanales\",\"description\":\"Garantia de calidad\",\"publisher\":{\"@id\":\"https:\/\/pafritas.es\/fr\/#organization\"},\"potentialAction\":[{\"@type\":\"SearchAction\",\"target\":{\"@type\":\"EntryPoint\",\"urlTemplate\":\"https:\/\/pafritas.es\/fr\/?s={search_term_string}\"},\"query-input\":{\"@type\":\"PropertyValueSpecification\",\"valueRequired\":true,\"valueName\":\"search_term_string\"}}],\"inLanguage\":\"fr-FR\"},{\"@type\":\"Organization\",\"@id\":\"https:\/\/pafritas.es\/fr\/#organization\",\"name\":\"Pafritas\",\"url\":\"https:\/\/pafritas.es\/fr\/\",\"logo\":{\"@type\":\"ImageObject\",\"inLanguage\":\"fr-FR\",\"@id\":\"https:\/\/pafritas.es\/fr\/#\/schema\/logo\/image\/\",\"url\":\"https:\/\/pafritas.es\/wp-content\/uploads\/2013\/10\/Logotipo_Pafritas_Patatas_fritas_de_calidad-2.png\",\"contentUrl\":\"https:\/\/pafritas.es\/wp-content\/uploads\/2013\/10\/Logotipo_Pafritas_Patatas_fritas_de_calidad-2.png\",\"width\":155,\"height\":57,\"caption\":\"Pafritas\"},\"image\":{\"@id\":\"https:\/\/pafritas.es\/fr\/#\/schema\/logo\/image\/\"},\"sameAs\":[\"https:\/\/www.facebook.com\/pafritasartesano\",\"https:\/\/x.com\/Pafritas\",\"https:\/\/www.instagram.com\/pafritas_artesano\/\"]}]}<\/script>\n<!-- \/ Yoast SEO plugin. -->","yoast_head_json":{"title":"Batonnets \u00e0 hamburgers - Pafritas","robots":{"index":"index","follow":"follow","max-snippet":"max-snippet:-1","max-image-preview":"max-image-preview:large","max-video-preview":"max-video-preview:-1"},"canonical":"https:\/\/pafritas.es\/fr\/boutique\/batonnets-hamburgers\/","og_locale":"fr_FR","og_type":"article","og_title":"Batonnets \u00e0 hamburgers - Pafritas","og_description":"Pomme de terre s\u00e9lectionn\u00e9e de vari\u00e9t\u00e9 aigre, dot\u00e9es\u00a0d\u00b4une coupe\u00a0 sp\u00e9ciale, ce qui lui donne\u00a0 une texture\u00a0 unique\u00a0 et irrempla\u00e7able; qui nous rappelle les pailles \u00ab\u00a0churrer\u00eda \u00bbd\u00b4une vie .faites avec de l\u00b4huile d\u00b4olive.  Pour obtenir cette texture qui les rend si idylliques, nous utilisons la technique de refroidissement naturel. Ils sont la combinaison parfaite, pour accompagner une viande ou un poisson en sauce et pour cuisiner de savoureuses omelettes de pommes de terre.","og_url":"https:\/\/pafritas.es\/fr\/boutique\/batonnets-hamburgers\/","og_site_name":"Pafritas: Patatas fritas artesanales","article_publisher":"https:\/\/www.facebook.com\/pafritasartesano","article_modified_time":"2023-03-30T08:43:27+00:00","og_image":[{"width":900,"height":900,"url":"https:\/\/pafritas.es\/wp-content\/uploads\/2019\/12\/ImagenProductos_Tavola-disegno-1-copia-11.jpg","type":"image\/jpeg"}],"twitter_card":"summary_large_image","twitter_site":"@Pafritas","schema":{"@context":"https:\/\/schema.org","@graph":[{"@type":"WebPage","@id":"https:\/\/pafritas.es\/fr\/boutique\/batonnets-hamburgers\/","url":"https:\/\/pafritas.es\/fr\/boutique\/batonnets-hamburgers\/","name":"Batonnets \u00e0 hamburgers - Pafritas","isPartOf":{"@id":"https:\/\/pafritas.es\/fr\/#website"},"primaryImageOfPage":{"@id":"https:\/\/pafritas.es\/fr\/boutique\/batonnets-hamburgers\/#primaryimage"},"image":{"@id":"https:\/\/pafritas.es\/fr\/boutique\/batonnets-hamburgers\/#primaryimage"},"thumbnailUrl":"https:\/\/pafritas.es\/wp-content\/uploads\/2019\/12\/ImagenProductos_Tavola-disegno-1-copia-11.jpg","datePublished":"2019-12-27T11:53:01+00:00","dateModified":"2023-03-30T08:43:27+00:00","breadcrumb":{"@id":"https:\/\/pafritas.es\/fr\/boutique\/batonnets-hamburgers\/#breadcrumb"},"inLanguage":"fr-FR","potentialAction":[{"@type":"ReadAction","target":["https:\/\/pafritas.es\/fr\/boutique\/batonnets-hamburgers\/"]}]},{"@type":"ImageObject","inLanguage":"fr-FR","@id":"https:\/\/pafritas.es\/fr\/boutique\/batonnets-hamburgers\/#primaryimage","url":"https:\/\/pafritas.es\/wp-content\/uploads\/2019\/12\/ImagenProductos_Tavola-disegno-1-copia-11.jpg","contentUrl":"https:\/\/pafritas.es\/wp-content\/uploads\/2019\/12\/ImagenProductos_Tavola-disegno-1-copia-11.jpg","width":900,"height":900},{"@type":"BreadcrumbList","@id":"https:\/\/pafritas.es\/fr\/boutique\/batonnets-hamburgers\/#breadcrumb","itemListElement":[{"@type":"ListItem","position":1,"name":"Portada","item":"https:\/\/pafritas.es\/fr\/"},{"@type":"ListItem","position":2,"name":"Produits","item":"https:\/\/pafritas.es\/fr\/shop\/"},{"@type":"ListItem","position":3,"name":"Batonnets \u00e0 hamburgers"}]},{"@type":"WebSite","@id":"https:\/\/pafritas.es\/fr\/#website","url":"https:\/\/pafritas.es\/fr\/","name":"Pafritas: Patatas fritas artesanales","description":"Garantia de calidad","publisher":{"@id":"https:\/\/pafritas.es\/fr\/#organization"},"potentialAction":[{"@type":"SearchAction","target":{"@type":"EntryPoint","urlTemplate":"https:\/\/pafritas.es\/fr\/?s={search_term_string}"},"query-input":{"@type":"PropertyValueSpecification","valueRequired":true,"valueName":"search_term_string"}}],"inLanguage":"fr-FR"},{"@type":"Organization","@id":"https:\/\/pafritas.es\/fr\/#organization","name":"Pafritas","url":"https:\/\/pafritas.es\/fr\/","logo":{"@type":"ImageObject","inLanguage":"fr-FR","@id":"https:\/\/pafritas.es\/fr\/#\/schema\/logo\/image\/","url":"https:\/\/pafritas.es\/wp-content\/uploads\/2013\/10\/Logotipo_Pafritas_Patatas_fritas_de_calidad-2.png","contentUrl":"https:\/\/pafritas.es\/wp-content\/uploads\/2013\/10\/Logotipo_Pafritas_Patatas_fritas_de_calidad-2.png","width":155,"height":57,"caption":"Pafritas"},"image":{"@id":"https:\/\/pafritas.es\/fr\/#\/schema\/logo\/image\/"},"sameAs":["https:\/\/www.facebook.com\/pafritasartesano","https:\/\/x.com\/Pafritas","https:\/\/www.instagram.com\/pafritas_artesano\/"]}]}},"_links":{"self":[{"href":"https:\/\/pafritas.es\/fr\/wp-json\/wp\/v2\/product\/18013","targetHints":{"allow":["GET"]}}],"collection":[{"href":"https:\/\/pafritas.es\/fr\/wp-json\/wp\/v2\/product"}],"about":[{"href":"https:\/\/pafritas.es\/fr\/wp-json\/wp\/v2\/types\/product"}],"replies":[{"embeddable":true,"href":"https:\/\/pafritas.es\/fr\/wp-json\/wp\/v2\/comments?post=18013"}],"wp:featuredmedia":[{"embeddable":true,"href":"https:\/\/pafritas.es\/fr\/wp-json\/wp\/v2\/media\/18014"}],"wp:attachment":[{"href":"https:\/\/pafritas.es\/fr\/wp-json\/wp\/v2\/media?parent=18013"}],"wp:term":[{"taxonomy":"product_brand","embeddable":true,"href":"https:\/\/pafritas.es\/fr\/wp-json\/wp\/v2\/product_brand?post=18013"},{"taxonomy":"product_cat","embeddable":true,"href":"https:\/\/pafritas.es\/fr\/wp-json\/wp\/v2\/product_cat?post=18013"},{"taxonomy":"product_tag","embeddable":true,"href":"https:\/\/pafritas.es\/fr\/wp-json\/wp\/v2\/product_tag?post=18013"}],"curies":[{"name":"wp","href":"https:\/\/api.w.org\/{rel}","templated":true}]}}