{"id":18011,"date":"2019-12-29T10:53:25","date_gmt":"2019-11-28T10:53:25","guid":{"rendered":"https:\/\/pafritas.es\/tienda\/trufa-negra\/"},"modified":"2026-03-16T09:44:58","modified_gmt":"2026-03-16T09:44:58","slug":"truffe-noire","status":"publish","type":"product","link":"https:\/\/pafritas.es\/fr\/boutique\/truffe-noire\/","title":{"rendered":"Truffe Noire"},"content":{"rendered":"","protected":false},"excerpt":{"rendered":"<p>Pour les amateurs \u00a0des produits \u00a0gourmands.<\/p>\n<p>\u00c0 partir des mati\u00e8res \u00a0premi\u00e8res nationales les plus \u00a0convoit\u00e9es telles que \u00a0\u00ab le diamant\u00a0 noir\u00bb de la cuisine, la Truffe noire (Tuber Melanosporum) des champs de Sarri\u00f3n (Teruel), la meilleure \u00a0huile d\u00b4olive \u00a0espagnole et le sel marin \u00a0mediterran\u00e9en; nos \u00a0Pafritas \u00e0 la truffe noire \u00a0font sans aucun doute le d\u00e9lice des plus exigeants.<\/p>\n<p>Si vous \u00eates \u00a0un amoureux du naturel, n\u00b4acceptez pas les imitations! Nos pommes de terre contiennent \u00a0\u00a0de la vraie truffe noire, sans ar\u00f4mes artificiels.<\/p>\n<p>Ils ont \u00e9t\u00e9 prim\u00e9s \u00e0 <strong>\u00a0Anuga 2017<\/strong> pour leur packaging innovant et leur ar\u00f4me naturel.<\/p>\n","protected":false},"featured_media":18012,"comment_status":"open","ping_status":"closed","template":"","meta":[],"product_brand":[],"product_cat":[549],"product_tag":[],"class_list":{"0":"post-18011","1":"product","2":"type-product","3":"status-publish","4":"has-post-thumbnail","6":"product_cat-pommes-de-terre-sautees","8":"first","9":"instock","10":"featured","11":"shipping-taxable","12":"purchasable","13":"product-type-variable","14":"has-default-attributes"},"yoast_head":"<!-- This site is optimized with the Yoast SEO plugin v25.0 - https:\/\/yoast.com\/wordpress\/plugins\/seo\/ -->\n<title>Patatas Fritas Truffe Noire - Pafritas: Patatas fritas artesanales<\/title>\n<meta name=\"description\" content=\"Partiendo de las materias primas nacionales m\u00e1s codiciadas como es el &quot;Diamante Negro&quot; de la cocina, la Trufa Negra (Tuber Melanosporum) procedente de los campos de Sarri\u00f3n (Teruel), el mejor aceite de oliva espa\u00f1ol y la sal del mar mediterr\u00e1neo; nuestras Pafritas con Trufa negra son, sin duda, la delicia de los m\u00e1s exigentes.\" \/>\n<meta name=\"robots\" content=\"index, follow, max-snippet:-1, max-image-preview:large, max-video-preview:-1\" \/>\n<link rel=\"canonical\" href=\"https:\/\/pafritas.es\/fr\/boutique\/truffe-noire\/\" \/>\n<meta property=\"og:locale\" content=\"fr_FR\" \/>\n<meta property=\"og:type\" content=\"article\" \/>\n<meta property=\"og:title\" content=\"Patatas Fritas Truffe Noire - Pafritas: Patatas fritas artesanales\" \/>\n<meta property=\"og:description\" content=\"Partiendo de las materias primas nacionales m\u00e1s codiciadas como es el &quot;Diamante Negro&quot; de la cocina, la Trufa Negra (Tuber Melanosporum) procedente de los campos de Sarri\u00f3n (Teruel), el mejor aceite de oliva espa\u00f1ol y la sal del mar mediterr\u00e1neo; nuestras Pafritas con Trufa negra son, sin duda, la delicia de los m\u00e1s exigentes.\" \/>\n<meta property=\"og:url\" content=\"https:\/\/pafritas.es\/fr\/boutique\/truffe-noire\/\" \/>\n<meta property=\"og:site_name\" content=\"Pafritas: Patatas fritas artesanales\" \/>\n<meta property=\"article:publisher\" content=\"https:\/\/www.facebook.com\/pafritasartesano\" \/>\n<meta property=\"article:modified_time\" content=\"2026-03-16T09:44:58+00:00\" \/>\n<meta property=\"og:image\" content=\"https:\/\/pafritas.es\/wp-content\/uploads\/2019\/11\/ImagenProductos_Tavola-disegno-1-2.jpg\" \/>\n\t<meta property=\"og:image:width\" content=\"900\" \/>\n\t<meta property=\"og:image:height\" content=\"900\" \/>\n\t<meta property=\"og:image:type\" content=\"image\/jpeg\" \/>\n<meta name=\"twitter:card\" content=\"summary_large_image\" \/>\n<meta name=\"twitter:site\" content=\"@Pafritas\" \/>\n<script type=\"application\/ld+json\" class=\"yoast-schema-graph\">{\"@context\":\"https:\/\/schema.org\",\"@graph\":[{\"@type\":\"WebPage\",\"@id\":\"https:\/\/pafritas.es\/fr\/boutique\/truffe-noire\/\",\"url\":\"https:\/\/pafritas.es\/fr\/boutique\/truffe-noire\/\",\"name\":\"Patatas Fritas Truffe Noire - Pafritas: Patatas fritas artesanales\",\"isPartOf\":{\"@id\":\"https:\/\/pafritas.es\/fr\/#website\"},\"primaryImageOfPage\":{\"@id\":\"https:\/\/pafritas.es\/fr\/boutique\/truffe-noire\/#primaryimage\"},\"image\":{\"@id\":\"https:\/\/pafritas.es\/fr\/boutique\/truffe-noire\/#primaryimage\"},\"thumbnailUrl\":\"https:\/\/pafritas.es\/wp-content\/uploads\/2019\/11\/ImagenProductos_Tavola-disegno-1-2.jpg\",\"datePublished\":\"2019-11-28T10:53:25+00:00\",\"dateModified\":\"2026-03-16T09:44:58+00:00\",\"description\":\"Partiendo de las materias primas nacionales m\u00e1s codiciadas como es el \\\"Diamante Negro\\\" de la cocina, la Trufa Negra (Tuber Melanosporum) procedente de los campos de Sarri\u00f3n (Teruel), el mejor aceite de oliva espa\u00f1ol y la sal del mar mediterr\u00e1neo; nuestras Pafritas con Trufa negra son, sin duda, la delicia de los m\u00e1s exigentes.\",\"breadcrumb\":{\"@id\":\"https:\/\/pafritas.es\/fr\/boutique\/truffe-noire\/#breadcrumb\"},\"inLanguage\":\"fr-FR\",\"potentialAction\":[{\"@type\":\"ReadAction\",\"target\":[\"https:\/\/pafritas.es\/fr\/boutique\/truffe-noire\/\"]}]},{\"@type\":\"ImageObject\",\"inLanguage\":\"fr-FR\",\"@id\":\"https:\/\/pafritas.es\/fr\/boutique\/truffe-noire\/#primaryimage\",\"url\":\"https:\/\/pafritas.es\/wp-content\/uploads\/2019\/11\/ImagenProductos_Tavola-disegno-1-2.jpg\",\"contentUrl\":\"https:\/\/pafritas.es\/wp-content\/uploads\/2019\/11\/ImagenProductos_Tavola-disegno-1-2.jpg\",\"width\":900,\"height\":900},{\"@type\":\"BreadcrumbList\",\"@id\":\"https:\/\/pafritas.es\/fr\/boutique\/truffe-noire\/#breadcrumb\",\"itemListElement\":[{\"@type\":\"ListItem\",\"position\":1,\"name\":\"Portada\",\"item\":\"https:\/\/pafritas.es\/fr\/\"},{\"@type\":\"ListItem\",\"position\":2,\"name\":\"Produits\",\"item\":\"https:\/\/pafritas.es\/fr\/shop\/\"},{\"@type\":\"ListItem\",\"position\":3,\"name\":\"Truffe Noire\"}]},{\"@type\":\"WebSite\",\"@id\":\"https:\/\/pafritas.es\/fr\/#website\",\"url\":\"https:\/\/pafritas.es\/fr\/\",\"name\":\"Pafritas: Patatas fritas artesanales\",\"description\":\"Garantia de calidad\",\"publisher\":{\"@id\":\"https:\/\/pafritas.es\/fr\/#organization\"},\"potentialAction\":[{\"@type\":\"SearchAction\",\"target\":{\"@type\":\"EntryPoint\",\"urlTemplate\":\"https:\/\/pafritas.es\/fr\/?s={search_term_string}\"},\"query-input\":{\"@type\":\"PropertyValueSpecification\",\"valueRequired\":true,\"valueName\":\"search_term_string\"}}],\"inLanguage\":\"fr-FR\"},{\"@type\":\"Organization\",\"@id\":\"https:\/\/pafritas.es\/fr\/#organization\",\"name\":\"Pafritas\",\"url\":\"https:\/\/pafritas.es\/fr\/\",\"logo\":{\"@type\":\"ImageObject\",\"inLanguage\":\"fr-FR\",\"@id\":\"https:\/\/pafritas.es\/fr\/#\/schema\/logo\/image\/\",\"url\":\"https:\/\/pafritas.es\/wp-content\/uploads\/2013\/10\/Logotipo_Pafritas_Patatas_fritas_de_calidad-2.png\",\"contentUrl\":\"https:\/\/pafritas.es\/wp-content\/uploads\/2013\/10\/Logotipo_Pafritas_Patatas_fritas_de_calidad-2.png\",\"width\":155,\"height\":57,\"caption\":\"Pafritas\"},\"image\":{\"@id\":\"https:\/\/pafritas.es\/fr\/#\/schema\/logo\/image\/\"},\"sameAs\":[\"https:\/\/www.facebook.com\/pafritasartesano\",\"https:\/\/x.com\/Pafritas\",\"https:\/\/www.instagram.com\/pafritas_artesano\/\"]}]}<\/script>\n<!-- \/ Yoast SEO plugin. -->","yoast_head_json":{"title":"Patatas Fritas Truffe Noire - Pafritas: Patatas fritas artesanales","description":"Partiendo de las materias primas nacionales m\u00e1s codiciadas como es el \"Diamante Negro\" de la cocina, la Trufa Negra (Tuber Melanosporum) procedente de los campos de Sarri\u00f3n (Teruel), el mejor aceite de oliva espa\u00f1ol y la sal del mar mediterr\u00e1neo; nuestras Pafritas con Trufa negra son, sin duda, la delicia de los m\u00e1s exigentes.","robots":{"index":"index","follow":"follow","max-snippet":"max-snippet:-1","max-image-preview":"max-image-preview:large","max-video-preview":"max-video-preview:-1"},"canonical":"https:\/\/pafritas.es\/fr\/boutique\/truffe-noire\/","og_locale":"fr_FR","og_type":"article","og_title":"Patatas Fritas Truffe Noire - Pafritas: Patatas fritas artesanales","og_description":"Partiendo de las materias primas nacionales m\u00e1s codiciadas como es el \"Diamante Negro\" de la cocina, la Trufa Negra (Tuber Melanosporum) procedente de los campos de Sarri\u00f3n (Teruel), el mejor aceite de oliva espa\u00f1ol y la sal del mar mediterr\u00e1neo; nuestras Pafritas con Trufa negra son, sin duda, la delicia de los m\u00e1s exigentes.","og_url":"https:\/\/pafritas.es\/fr\/boutique\/truffe-noire\/","og_site_name":"Pafritas: Patatas fritas artesanales","article_publisher":"https:\/\/www.facebook.com\/pafritasartesano","article_modified_time":"2026-03-16T09:44:58+00:00","og_image":[{"width":900,"height":900,"url":"https:\/\/pafritas.es\/wp-content\/uploads\/2019\/11\/ImagenProductos_Tavola-disegno-1-2.jpg","type":"image\/jpeg"}],"twitter_card":"summary_large_image","twitter_site":"@Pafritas","schema":{"@context":"https:\/\/schema.org","@graph":[{"@type":"WebPage","@id":"https:\/\/pafritas.es\/fr\/boutique\/truffe-noire\/","url":"https:\/\/pafritas.es\/fr\/boutique\/truffe-noire\/","name":"Patatas Fritas Truffe Noire - Pafritas: Patatas fritas artesanales","isPartOf":{"@id":"https:\/\/pafritas.es\/fr\/#website"},"primaryImageOfPage":{"@id":"https:\/\/pafritas.es\/fr\/boutique\/truffe-noire\/#primaryimage"},"image":{"@id":"https:\/\/pafritas.es\/fr\/boutique\/truffe-noire\/#primaryimage"},"thumbnailUrl":"https:\/\/pafritas.es\/wp-content\/uploads\/2019\/11\/ImagenProductos_Tavola-disegno-1-2.jpg","datePublished":"2019-11-28T10:53:25+00:00","dateModified":"2026-03-16T09:44:58+00:00","description":"Partiendo de las materias primas nacionales m\u00e1s codiciadas como es el \"Diamante Negro\" de la cocina, la Trufa Negra (Tuber Melanosporum) procedente de los campos de Sarri\u00f3n (Teruel), el mejor aceite de oliva espa\u00f1ol y la sal del mar mediterr\u00e1neo; nuestras Pafritas con Trufa negra son, sin duda, la delicia de los m\u00e1s exigentes.","breadcrumb":{"@id":"https:\/\/pafritas.es\/fr\/boutique\/truffe-noire\/#breadcrumb"},"inLanguage":"fr-FR","potentialAction":[{"@type":"ReadAction","target":["https:\/\/pafritas.es\/fr\/boutique\/truffe-noire\/"]}]},{"@type":"ImageObject","inLanguage":"fr-FR","@id":"https:\/\/pafritas.es\/fr\/boutique\/truffe-noire\/#primaryimage","url":"https:\/\/pafritas.es\/wp-content\/uploads\/2019\/11\/ImagenProductos_Tavola-disegno-1-2.jpg","contentUrl":"https:\/\/pafritas.es\/wp-content\/uploads\/2019\/11\/ImagenProductos_Tavola-disegno-1-2.jpg","width":900,"height":900},{"@type":"BreadcrumbList","@id":"https:\/\/pafritas.es\/fr\/boutique\/truffe-noire\/#breadcrumb","itemListElement":[{"@type":"ListItem","position":1,"name":"Portada","item":"https:\/\/pafritas.es\/fr\/"},{"@type":"ListItem","position":2,"name":"Produits","item":"https:\/\/pafritas.es\/fr\/shop\/"},{"@type":"ListItem","position":3,"name":"Truffe Noire"}]},{"@type":"WebSite","@id":"https:\/\/pafritas.es\/fr\/#website","url":"https:\/\/pafritas.es\/fr\/","name":"Pafritas: Patatas fritas artesanales","description":"Garantia de calidad","publisher":{"@id":"https:\/\/pafritas.es\/fr\/#organization"},"potentialAction":[{"@type":"SearchAction","target":{"@type":"EntryPoint","urlTemplate":"https:\/\/pafritas.es\/fr\/?s={search_term_string}"},"query-input":{"@type":"PropertyValueSpecification","valueRequired":true,"valueName":"search_term_string"}}],"inLanguage":"fr-FR"},{"@type":"Organization","@id":"https:\/\/pafritas.es\/fr\/#organization","name":"Pafritas","url":"https:\/\/pafritas.es\/fr\/","logo":{"@type":"ImageObject","inLanguage":"fr-FR","@id":"https:\/\/pafritas.es\/fr\/#\/schema\/logo\/image\/","url":"https:\/\/pafritas.es\/wp-content\/uploads\/2013\/10\/Logotipo_Pafritas_Patatas_fritas_de_calidad-2.png","contentUrl":"https:\/\/pafritas.es\/wp-content\/uploads\/2013\/10\/Logotipo_Pafritas_Patatas_fritas_de_calidad-2.png","width":155,"height":57,"caption":"Pafritas"},"image":{"@id":"https:\/\/pafritas.es\/fr\/#\/schema\/logo\/image\/"},"sameAs":["https:\/\/www.facebook.com\/pafritasartesano","https:\/\/x.com\/Pafritas","https:\/\/www.instagram.com\/pafritas_artesano\/"]}]}},"_links":{"self":[{"href":"https:\/\/pafritas.es\/fr\/wp-json\/wp\/v2\/product\/18011","targetHints":{"allow":["GET"]}}],"collection":[{"href":"https:\/\/pafritas.es\/fr\/wp-json\/wp\/v2\/product"}],"about":[{"href":"https:\/\/pafritas.es\/fr\/wp-json\/wp\/v2\/types\/product"}],"replies":[{"embeddable":true,"href":"https:\/\/pafritas.es\/fr\/wp-json\/wp\/v2\/comments?post=18011"}],"wp:featuredmedia":[{"embeddable":true,"href":"https:\/\/pafritas.es\/fr\/wp-json\/wp\/v2\/media\/18012"}],"wp:attachment":[{"href":"https:\/\/pafritas.es\/fr\/wp-json\/wp\/v2\/media?parent=18011"}],"wp:term":[{"taxonomy":"product_brand","embeddable":true,"href":"https:\/\/pafritas.es\/fr\/wp-json\/wp\/v2\/product_brand?post=18011"},{"taxonomy":"product_cat","embeddable":true,"href":"https:\/\/pafritas.es\/fr\/wp-json\/wp\/v2\/product_cat?post=18011"},{"taxonomy":"product_tag","embeddable":true,"href":"https:\/\/pafritas.es\/fr\/wp-json\/wp\/v2\/product_tag?post=18011"}],"curies":[{"name":"wp","href":"https:\/\/api.w.org\/{rel}","templated":true}]}}