{"id":18005,"date":"2016-03-17T14:29:32","date_gmt":"2016-03-17T14:29:32","guid":{"rendered":"https:\/\/pafritas.es\/tienda\/cortezas\/"},"modified":"2023-03-30T08:43:33","modified_gmt":"2023-03-30T08:43:33","slug":"couennes-de-porc","status":"publish","type":"product","link":"https:\/\/pafritas.es\/fr\/boutique\/couennes-de-porc\/","title":{"rendered":"Couennes de porc"},"content":{"rendered":"","protected":false},"excerpt":{"rendered":"<p>Frite dans une po\u00eale, d\u00b4une mani\u00e8re traditionnelle, avec une taille sp\u00e9ciale \u00a0et l\u00e9g\u00e8rement sal\u00e9s. C\u00b4est la formule \u00a0pour \u00a0obtenir \u00a0la saveur \u00a0authentique et intense des meilleures \u00a0couennes de porc ce qui les rend d\u00e9licieuses et croustillantes \u00a0Seule la peau des meilleurs \u00a0sp\u00e9cimens est utilis\u00e9e, frite dans \u00a0sa propre graisse. Ils sont une source \u00a0riche \u00a0de prote\u00ednes.<\/p>\n<p>Comme le reste de nos produits, ils ne contiennent, ni gluten, ni lactose.<\/p>\n","protected":false},"featured_media":18006,"comment_status":"open","ping_status":"closed","template":"","meta":[],"product_brand":[],"product_cat":[549],"product_tag":[],"class_list":{"0":"post-18005","1":"product","2":"type-product","3":"status-publish","4":"has-post-thumbnail","6":"product_cat-pommes-de-terre-sautees","8":"first","9":"instock","10":"shipping-taxable","11":"purchasable","12":"product-type-variable","13":"has-default-attributes"},"yoast_head":"<!-- This site is optimized with the Yoast SEO plugin v25.0 - https:\/\/yoast.com\/wordpress\/plugins\/seo\/ -->\n<title>Couennes de porc - Pafritas<\/title>\n<meta name=\"robots\" content=\"index, follow, max-snippet:-1, max-image-preview:large, max-video-preview:-1\" \/>\n<link rel=\"canonical\" href=\"https:\/\/pafritas.es\/fr\/boutique\/couennes-de-porc\/\" \/>\n<meta property=\"og:locale\" content=\"fr_FR\" \/>\n<meta property=\"og:type\" content=\"article\" \/>\n<meta property=\"og:title\" content=\"Couennes de porc - Pafritas\" \/>\n<meta property=\"og:description\" content=\"Frite dans une po\u00eale, d\u00b4une mani\u00e8re traditionnelle, avec une taille sp\u00e9ciale \u00a0et l\u00e9g\u00e8rement sal\u00e9s. C\u00b4est la formule \u00a0pour \u00a0obtenir \u00a0la saveur \u00a0authentique et intense des meilleures \u00a0couennes de porc ce qui les rend d\u00e9licieuses et croustillantes \u00a0Seule la peau des meilleurs \u00a0sp\u00e9cimens est utilis\u00e9e, frite dans \u00a0sa propre graisse. Ils sont une source \u00a0riche \u00a0de prote\u00ednes.  Comme le reste de nos produits, ils ne contiennent, ni gluten, ni lactose.\" \/>\n<meta property=\"og:url\" content=\"https:\/\/pafritas.es\/fr\/boutique\/couennes-de-porc\/\" \/>\n<meta property=\"og:site_name\" content=\"Pafritas: Patatas fritas artesanales\" \/>\n<meta property=\"article:publisher\" content=\"https:\/\/www.facebook.com\/pafritasartesano\" \/>\n<meta property=\"article:modified_time\" content=\"2023-03-30T08:43:33+00:00\" \/>\n<meta property=\"og:image\" content=\"https:\/\/pafritas.es\/wp-content\/uploads\/2020\/01\/ImagenProductos_laroja.jpg\" \/>\n\t<meta property=\"og:image:width\" content=\"900\" \/>\n\t<meta property=\"og:image:height\" content=\"900\" \/>\n\t<meta property=\"og:image:type\" content=\"image\/jpeg\" \/>\n<meta name=\"twitter:card\" content=\"summary_large_image\" \/>\n<meta name=\"twitter:site\" content=\"@Pafritas\" \/>\n<script type=\"application\/ld+json\" class=\"yoast-schema-graph\">{\"@context\":\"https:\/\/schema.org\",\"@graph\":[{\"@type\":\"WebPage\",\"@id\":\"https:\/\/pafritas.es\/fr\/boutique\/couennes-de-porc\/\",\"url\":\"https:\/\/pafritas.es\/fr\/boutique\/couennes-de-porc\/\",\"name\":\"Couennes de porc - Pafritas\",\"isPartOf\":{\"@id\":\"https:\/\/pafritas.es\/fr\/#website\"},\"primaryImageOfPage\":{\"@id\":\"https:\/\/pafritas.es\/fr\/boutique\/couennes-de-porc\/#primaryimage\"},\"image\":{\"@id\":\"https:\/\/pafritas.es\/fr\/boutique\/couennes-de-porc\/#primaryimage\"},\"thumbnailUrl\":\"https:\/\/pafritas.es\/wp-content\/uploads\/2020\/01\/ImagenProductos_laroja.jpg\",\"datePublished\":\"2016-03-17T14:29:32+00:00\",\"dateModified\":\"2023-03-30T08:43:33+00:00\",\"breadcrumb\":{\"@id\":\"https:\/\/pafritas.es\/fr\/boutique\/couennes-de-porc\/#breadcrumb\"},\"inLanguage\":\"fr-FR\",\"potentialAction\":[{\"@type\":\"ReadAction\",\"target\":[\"https:\/\/pafritas.es\/fr\/boutique\/couennes-de-porc\/\"]}]},{\"@type\":\"ImageObject\",\"inLanguage\":\"fr-FR\",\"@id\":\"https:\/\/pafritas.es\/fr\/boutique\/couennes-de-porc\/#primaryimage\",\"url\":\"https:\/\/pafritas.es\/wp-content\/uploads\/2020\/01\/ImagenProductos_laroja.jpg\",\"contentUrl\":\"https:\/\/pafritas.es\/wp-content\/uploads\/2020\/01\/ImagenProductos_laroja.jpg\",\"width\":900,\"height\":900},{\"@type\":\"BreadcrumbList\",\"@id\":\"https:\/\/pafritas.es\/fr\/boutique\/couennes-de-porc\/#breadcrumb\",\"itemListElement\":[{\"@type\":\"ListItem\",\"position\":1,\"name\":\"Portada\",\"item\":\"https:\/\/pafritas.es\/fr\/\"},{\"@type\":\"ListItem\",\"position\":2,\"name\":\"Produits\",\"item\":\"https:\/\/pafritas.es\/fr\/shop\/\"},{\"@type\":\"ListItem\",\"position\":3,\"name\":\"Couennes de porc\"}]},{\"@type\":\"WebSite\",\"@id\":\"https:\/\/pafritas.es\/fr\/#website\",\"url\":\"https:\/\/pafritas.es\/fr\/\",\"name\":\"Pafritas: Patatas fritas artesanales\",\"description\":\"Garantia de calidad\",\"publisher\":{\"@id\":\"https:\/\/pafritas.es\/fr\/#organization\"},\"potentialAction\":[{\"@type\":\"SearchAction\",\"target\":{\"@type\":\"EntryPoint\",\"urlTemplate\":\"https:\/\/pafritas.es\/fr\/?s={search_term_string}\"},\"query-input\":{\"@type\":\"PropertyValueSpecification\",\"valueRequired\":true,\"valueName\":\"search_term_string\"}}],\"inLanguage\":\"fr-FR\"},{\"@type\":\"Organization\",\"@id\":\"https:\/\/pafritas.es\/fr\/#organization\",\"name\":\"Pafritas\",\"url\":\"https:\/\/pafritas.es\/fr\/\",\"logo\":{\"@type\":\"ImageObject\",\"inLanguage\":\"fr-FR\",\"@id\":\"https:\/\/pafritas.es\/fr\/#\/schema\/logo\/image\/\",\"url\":\"https:\/\/pafritas.es\/wp-content\/uploads\/2013\/10\/Logotipo_Pafritas_Patatas_fritas_de_calidad-2.png\",\"contentUrl\":\"https:\/\/pafritas.es\/wp-content\/uploads\/2013\/10\/Logotipo_Pafritas_Patatas_fritas_de_calidad-2.png\",\"width\":155,\"height\":57,\"caption\":\"Pafritas\"},\"image\":{\"@id\":\"https:\/\/pafritas.es\/fr\/#\/schema\/logo\/image\/\"},\"sameAs\":[\"https:\/\/www.facebook.com\/pafritasartesano\",\"https:\/\/x.com\/Pafritas\",\"https:\/\/www.instagram.com\/pafritas_artesano\/\"]}]}<\/script>\n<!-- \/ Yoast SEO plugin. -->","yoast_head_json":{"title":"Couennes de porc - Pafritas","robots":{"index":"index","follow":"follow","max-snippet":"max-snippet:-1","max-image-preview":"max-image-preview:large","max-video-preview":"max-video-preview:-1"},"canonical":"https:\/\/pafritas.es\/fr\/boutique\/couennes-de-porc\/","og_locale":"fr_FR","og_type":"article","og_title":"Couennes de porc - Pafritas","og_description":"Frite dans une po\u00eale, d\u00b4une mani\u00e8re traditionnelle, avec une taille sp\u00e9ciale \u00a0et l\u00e9g\u00e8rement sal\u00e9s. C\u00b4est la formule \u00a0pour \u00a0obtenir \u00a0la saveur \u00a0authentique et intense des meilleures \u00a0couennes de porc ce qui les rend d\u00e9licieuses et croustillantes \u00a0Seule la peau des meilleurs \u00a0sp\u00e9cimens est utilis\u00e9e, frite dans \u00a0sa propre graisse. Ils sont une source \u00a0riche \u00a0de prote\u00ednes.  Comme le reste de nos produits, ils ne contiennent, ni gluten, ni lactose.","og_url":"https:\/\/pafritas.es\/fr\/boutique\/couennes-de-porc\/","og_site_name":"Pafritas: Patatas fritas artesanales","article_publisher":"https:\/\/www.facebook.com\/pafritasartesano","article_modified_time":"2023-03-30T08:43:33+00:00","og_image":[{"width":900,"height":900,"url":"https:\/\/pafritas.es\/wp-content\/uploads\/2020\/01\/ImagenProductos_laroja.jpg","type":"image\/jpeg"}],"twitter_card":"summary_large_image","twitter_site":"@Pafritas","schema":{"@context":"https:\/\/schema.org","@graph":[{"@type":"WebPage","@id":"https:\/\/pafritas.es\/fr\/boutique\/couennes-de-porc\/","url":"https:\/\/pafritas.es\/fr\/boutique\/couennes-de-porc\/","name":"Couennes de porc - Pafritas","isPartOf":{"@id":"https:\/\/pafritas.es\/fr\/#website"},"primaryImageOfPage":{"@id":"https:\/\/pafritas.es\/fr\/boutique\/couennes-de-porc\/#primaryimage"},"image":{"@id":"https:\/\/pafritas.es\/fr\/boutique\/couennes-de-porc\/#primaryimage"},"thumbnailUrl":"https:\/\/pafritas.es\/wp-content\/uploads\/2020\/01\/ImagenProductos_laroja.jpg","datePublished":"2016-03-17T14:29:32+00:00","dateModified":"2023-03-30T08:43:33+00:00","breadcrumb":{"@id":"https:\/\/pafritas.es\/fr\/boutique\/couennes-de-porc\/#breadcrumb"},"inLanguage":"fr-FR","potentialAction":[{"@type":"ReadAction","target":["https:\/\/pafritas.es\/fr\/boutique\/couennes-de-porc\/"]}]},{"@type":"ImageObject","inLanguage":"fr-FR","@id":"https:\/\/pafritas.es\/fr\/boutique\/couennes-de-porc\/#primaryimage","url":"https:\/\/pafritas.es\/wp-content\/uploads\/2020\/01\/ImagenProductos_laroja.jpg","contentUrl":"https:\/\/pafritas.es\/wp-content\/uploads\/2020\/01\/ImagenProductos_laroja.jpg","width":900,"height":900},{"@type":"BreadcrumbList","@id":"https:\/\/pafritas.es\/fr\/boutique\/couennes-de-porc\/#breadcrumb","itemListElement":[{"@type":"ListItem","position":1,"name":"Portada","item":"https:\/\/pafritas.es\/fr\/"},{"@type":"ListItem","position":2,"name":"Produits","item":"https:\/\/pafritas.es\/fr\/shop\/"},{"@type":"ListItem","position":3,"name":"Couennes de porc"}]},{"@type":"WebSite","@id":"https:\/\/pafritas.es\/fr\/#website","url":"https:\/\/pafritas.es\/fr\/","name":"Pafritas: Patatas fritas artesanales","description":"Garantia de calidad","publisher":{"@id":"https:\/\/pafritas.es\/fr\/#organization"},"potentialAction":[{"@type":"SearchAction","target":{"@type":"EntryPoint","urlTemplate":"https:\/\/pafritas.es\/fr\/?s={search_term_string}"},"query-input":{"@type":"PropertyValueSpecification","valueRequired":true,"valueName":"search_term_string"}}],"inLanguage":"fr-FR"},{"@type":"Organization","@id":"https:\/\/pafritas.es\/fr\/#organization","name":"Pafritas","url":"https:\/\/pafritas.es\/fr\/","logo":{"@type":"ImageObject","inLanguage":"fr-FR","@id":"https:\/\/pafritas.es\/fr\/#\/schema\/logo\/image\/","url":"https:\/\/pafritas.es\/wp-content\/uploads\/2013\/10\/Logotipo_Pafritas_Patatas_fritas_de_calidad-2.png","contentUrl":"https:\/\/pafritas.es\/wp-content\/uploads\/2013\/10\/Logotipo_Pafritas_Patatas_fritas_de_calidad-2.png","width":155,"height":57,"caption":"Pafritas"},"image":{"@id":"https:\/\/pafritas.es\/fr\/#\/schema\/logo\/image\/"},"sameAs":["https:\/\/www.facebook.com\/pafritasartesano","https:\/\/x.com\/Pafritas","https:\/\/www.instagram.com\/pafritas_artesano\/"]}]}},"_links":{"self":[{"href":"https:\/\/pafritas.es\/fr\/wp-json\/wp\/v2\/product\/18005","targetHints":{"allow":["GET"]}}],"collection":[{"href":"https:\/\/pafritas.es\/fr\/wp-json\/wp\/v2\/product"}],"about":[{"href":"https:\/\/pafritas.es\/fr\/wp-json\/wp\/v2\/types\/product"}],"replies":[{"embeddable":true,"href":"https:\/\/pafritas.es\/fr\/wp-json\/wp\/v2\/comments?post=18005"}],"wp:featuredmedia":[{"embeddable":true,"href":"https:\/\/pafritas.es\/fr\/wp-json\/wp\/v2\/media\/18006"}],"wp:attachment":[{"href":"https:\/\/pafritas.es\/fr\/wp-json\/wp\/v2\/media?parent=18005"}],"wp:term":[{"taxonomy":"product_brand","embeddable":true,"href":"https:\/\/pafritas.es\/fr\/wp-json\/wp\/v2\/product_brand?post=18005"},{"taxonomy":"product_cat","embeddable":true,"href":"https:\/\/pafritas.es\/fr\/wp-json\/wp\/v2\/product_cat?post=18005"},{"taxonomy":"product_tag","embeddable":true,"href":"https:\/\/pafritas.es\/fr\/wp-json\/wp\/v2\/product_tag?post=18005"}],"curies":[{"name":"wp","href":"https:\/\/api.w.org\/{rel}","templated":true}]}}