{"id":18003,"date":"2016-03-17T14:18:32","date_gmt":"2016-03-17T14:18:32","guid":{"rendered":"https:\/\/pafritas.es\/tienda\/palitos\/"},"modified":"2022-04-22T10:08:25","modified_gmt":"2022-04-22T10:08:25","slug":"batonnets-de-chips","status":"publish","type":"product","link":"https:\/\/pafritas.es\/fr\/boutique\/batonnets-de-chips\/","title":{"rendered":"Batonnets de chips"},"content":{"rendered":"","protected":false},"excerpt":{"rendered":"<p>Pomme de terre s\u00e9lectionn\u00e9e de vari\u00e9t\u00e9 aigre, dot\u00e9es\u00a0d\u00b4une coupe \u00a0sp\u00e9ciale, ce qui lui donne \u00a0une texture \u00a0unique \u00a0et irrempla\u00e7able; qui nous rappelle les pailles \u00ab\u00a0churrer\u00eda \u00bbd\u00b4une vie .faites avec de l\u00b4huile d\u00b4olive.<\/p>\n<p>Pour obtenir cette texture qui les rend si idylliques, nous utilisons la technique de refroidissement naturel.<br \/>\nIls sont la combinaison parfaite, pour accompagner une viande ou un poisson en sauce, et pour cuisiner de savoureuses omelettes de pommes de terre.<\/p>\n","protected":false},"featured_media":18004,"comment_status":"open","ping_status":"closed","template":"","meta":[],"product_brand":[],"product_cat":[549],"product_tag":[],"class_list":{"0":"post-18003","1":"product","2":"type-product","3":"status-publish","4":"has-post-thumbnail","6":"product_cat-pommes-de-terre-sautees","8":"first","9":"instock","10":"shipping-taxable","11":"purchasable","12":"product-type-variable","13":"has-default-attributes"},"yoast_head":"<!-- This site is optimized with the Yoast SEO plugin v25.0 - https:\/\/yoast.com\/wordpress\/plugins\/seo\/ -->\n<title>Batonnets de chips - Pafritas<\/title>\n<meta name=\"robots\" content=\"index, follow, max-snippet:-1, max-image-preview:large, max-video-preview:-1\" \/>\n<link rel=\"canonical\" href=\"https:\/\/pafritas.es\/fr\/boutique\/batonnets-de-chips\/\" \/>\n<meta property=\"og:locale\" content=\"fr_FR\" \/>\n<meta property=\"og:type\" content=\"article\" \/>\n<meta property=\"og:title\" content=\"Batonnets de chips - Pafritas\" \/>\n<meta property=\"og:description\" content=\"Pomme de terre s\u00e9lectionn\u00e9e de vari\u00e9t\u00e9 aigre, dot\u00e9es\u00a0d\u00b4une coupe \u00a0sp\u00e9ciale, ce qui lui donne \u00a0une texture \u00a0unique \u00a0et irrempla\u00e7able; qui nous rappelle les pailles \u00ab\u00a0churrer\u00eda \u00bbd\u00b4une vie .faites avec de l\u00b4huile d\u00b4olive.  Pour obtenir cette texture qui les rend si idylliques, nous utilisons la technique de refroidissement naturel. Ils sont la combinaison parfaite, pour accompagner une viande ou un poisson en sauce, et pour cuisiner de savoureuses omelettes de pommes de terre.\" \/>\n<meta property=\"og:url\" content=\"https:\/\/pafritas.es\/fr\/boutique\/batonnets-de-chips\/\" \/>\n<meta property=\"og:site_name\" content=\"Pafritas: Patatas fritas artesanales\" \/>\n<meta property=\"article:publisher\" content=\"https:\/\/www.facebook.com\/pafritasartesano\" \/>\n<meta property=\"article:modified_time\" content=\"2022-04-22T10:08:25+00:00\" \/>\n<meta property=\"og:image\" content=\"https:\/\/pafritas.es\/wp-content\/uploads\/2020\/01\/ImagenProductos_laroja02.jpg\" \/>\n\t<meta property=\"og:image:width\" content=\"900\" \/>\n\t<meta property=\"og:image:height\" content=\"900\" \/>\n\t<meta property=\"og:image:type\" content=\"image\/jpeg\" \/>\n<meta name=\"twitter:card\" content=\"summary_large_image\" \/>\n<meta name=\"twitter:site\" content=\"@Pafritas\" \/>\n<script type=\"application\/ld+json\" class=\"yoast-schema-graph\">{\"@context\":\"https:\/\/schema.org\",\"@graph\":[{\"@type\":\"WebPage\",\"@id\":\"https:\/\/pafritas.es\/fr\/boutique\/batonnets-de-chips\/\",\"url\":\"https:\/\/pafritas.es\/fr\/boutique\/batonnets-de-chips\/\",\"name\":\"Batonnets de chips - Pafritas\",\"isPartOf\":{\"@id\":\"https:\/\/pafritas.es\/fr\/#website\"},\"primaryImageOfPage\":{\"@id\":\"https:\/\/pafritas.es\/fr\/boutique\/batonnets-de-chips\/#primaryimage\"},\"image\":{\"@id\":\"https:\/\/pafritas.es\/fr\/boutique\/batonnets-de-chips\/#primaryimage\"},\"thumbnailUrl\":\"https:\/\/pafritas.es\/wp-content\/uploads\/2020\/01\/ImagenProductos_laroja02.jpg\",\"datePublished\":\"2016-03-17T14:18:32+00:00\",\"dateModified\":\"2022-04-22T10:08:25+00:00\",\"breadcrumb\":{\"@id\":\"https:\/\/pafritas.es\/fr\/boutique\/batonnets-de-chips\/#breadcrumb\"},\"inLanguage\":\"fr-FR\",\"potentialAction\":[{\"@type\":\"ReadAction\",\"target\":[\"https:\/\/pafritas.es\/fr\/boutique\/batonnets-de-chips\/\"]}]},{\"@type\":\"ImageObject\",\"inLanguage\":\"fr-FR\",\"@id\":\"https:\/\/pafritas.es\/fr\/boutique\/batonnets-de-chips\/#primaryimage\",\"url\":\"https:\/\/pafritas.es\/wp-content\/uploads\/2020\/01\/ImagenProductos_laroja02.jpg\",\"contentUrl\":\"https:\/\/pafritas.es\/wp-content\/uploads\/2020\/01\/ImagenProductos_laroja02.jpg\",\"width\":900,\"height\":900},{\"@type\":\"BreadcrumbList\",\"@id\":\"https:\/\/pafritas.es\/fr\/boutique\/batonnets-de-chips\/#breadcrumb\",\"itemListElement\":[{\"@type\":\"ListItem\",\"position\":1,\"name\":\"Portada\",\"item\":\"https:\/\/pafritas.es\/fr\/\"},{\"@type\":\"ListItem\",\"position\":2,\"name\":\"Produits\",\"item\":\"https:\/\/pafritas.es\/fr\/shop\/\"},{\"@type\":\"ListItem\",\"position\":3,\"name\":\"Batonnets de chips\"}]},{\"@type\":\"WebSite\",\"@id\":\"https:\/\/pafritas.es\/fr\/#website\",\"url\":\"https:\/\/pafritas.es\/fr\/\",\"name\":\"Pafritas: Patatas fritas artesanales\",\"description\":\"Garantia de calidad\",\"publisher\":{\"@id\":\"https:\/\/pafritas.es\/fr\/#organization\"},\"potentialAction\":[{\"@type\":\"SearchAction\",\"target\":{\"@type\":\"EntryPoint\",\"urlTemplate\":\"https:\/\/pafritas.es\/fr\/?s={search_term_string}\"},\"query-input\":{\"@type\":\"PropertyValueSpecification\",\"valueRequired\":true,\"valueName\":\"search_term_string\"}}],\"inLanguage\":\"fr-FR\"},{\"@type\":\"Organization\",\"@id\":\"https:\/\/pafritas.es\/fr\/#organization\",\"name\":\"Pafritas\",\"url\":\"https:\/\/pafritas.es\/fr\/\",\"logo\":{\"@type\":\"ImageObject\",\"inLanguage\":\"fr-FR\",\"@id\":\"https:\/\/pafritas.es\/fr\/#\/schema\/logo\/image\/\",\"url\":\"https:\/\/pafritas.es\/wp-content\/uploads\/2013\/10\/Logotipo_Pafritas_Patatas_fritas_de_calidad-2.png\",\"contentUrl\":\"https:\/\/pafritas.es\/wp-content\/uploads\/2013\/10\/Logotipo_Pafritas_Patatas_fritas_de_calidad-2.png\",\"width\":155,\"height\":57,\"caption\":\"Pafritas\"},\"image\":{\"@id\":\"https:\/\/pafritas.es\/fr\/#\/schema\/logo\/image\/\"},\"sameAs\":[\"https:\/\/www.facebook.com\/pafritasartesano\",\"https:\/\/x.com\/Pafritas\",\"https:\/\/www.instagram.com\/pafritas_artesano\/\"]}]}<\/script>\n<!-- \/ Yoast SEO plugin. -->","yoast_head_json":{"title":"Batonnets de chips - Pafritas","robots":{"index":"index","follow":"follow","max-snippet":"max-snippet:-1","max-image-preview":"max-image-preview:large","max-video-preview":"max-video-preview:-1"},"canonical":"https:\/\/pafritas.es\/fr\/boutique\/batonnets-de-chips\/","og_locale":"fr_FR","og_type":"article","og_title":"Batonnets de chips - Pafritas","og_description":"Pomme de terre s\u00e9lectionn\u00e9e de vari\u00e9t\u00e9 aigre, dot\u00e9es\u00a0d\u00b4une coupe \u00a0sp\u00e9ciale, ce qui lui donne \u00a0une texture \u00a0unique \u00a0et irrempla\u00e7able; qui nous rappelle les pailles \u00ab\u00a0churrer\u00eda \u00bbd\u00b4une vie .faites avec de l\u00b4huile d\u00b4olive.  Pour obtenir cette texture qui les rend si idylliques, nous utilisons la technique de refroidissement naturel. Ils sont la combinaison parfaite, pour accompagner une viande ou un poisson en sauce, et pour cuisiner de savoureuses omelettes de pommes de terre.","og_url":"https:\/\/pafritas.es\/fr\/boutique\/batonnets-de-chips\/","og_site_name":"Pafritas: Patatas fritas artesanales","article_publisher":"https:\/\/www.facebook.com\/pafritasartesano","article_modified_time":"2022-04-22T10:08:25+00:00","og_image":[{"width":900,"height":900,"url":"https:\/\/pafritas.es\/wp-content\/uploads\/2020\/01\/ImagenProductos_laroja02.jpg","type":"image\/jpeg"}],"twitter_card":"summary_large_image","twitter_site":"@Pafritas","schema":{"@context":"https:\/\/schema.org","@graph":[{"@type":"WebPage","@id":"https:\/\/pafritas.es\/fr\/boutique\/batonnets-de-chips\/","url":"https:\/\/pafritas.es\/fr\/boutique\/batonnets-de-chips\/","name":"Batonnets de chips - Pafritas","isPartOf":{"@id":"https:\/\/pafritas.es\/fr\/#website"},"primaryImageOfPage":{"@id":"https:\/\/pafritas.es\/fr\/boutique\/batonnets-de-chips\/#primaryimage"},"image":{"@id":"https:\/\/pafritas.es\/fr\/boutique\/batonnets-de-chips\/#primaryimage"},"thumbnailUrl":"https:\/\/pafritas.es\/wp-content\/uploads\/2020\/01\/ImagenProductos_laroja02.jpg","datePublished":"2016-03-17T14:18:32+00:00","dateModified":"2022-04-22T10:08:25+00:00","breadcrumb":{"@id":"https:\/\/pafritas.es\/fr\/boutique\/batonnets-de-chips\/#breadcrumb"},"inLanguage":"fr-FR","potentialAction":[{"@type":"ReadAction","target":["https:\/\/pafritas.es\/fr\/boutique\/batonnets-de-chips\/"]}]},{"@type":"ImageObject","inLanguage":"fr-FR","@id":"https:\/\/pafritas.es\/fr\/boutique\/batonnets-de-chips\/#primaryimage","url":"https:\/\/pafritas.es\/wp-content\/uploads\/2020\/01\/ImagenProductos_laroja02.jpg","contentUrl":"https:\/\/pafritas.es\/wp-content\/uploads\/2020\/01\/ImagenProductos_laroja02.jpg","width":900,"height":900},{"@type":"BreadcrumbList","@id":"https:\/\/pafritas.es\/fr\/boutique\/batonnets-de-chips\/#breadcrumb","itemListElement":[{"@type":"ListItem","position":1,"name":"Portada","item":"https:\/\/pafritas.es\/fr\/"},{"@type":"ListItem","position":2,"name":"Produits","item":"https:\/\/pafritas.es\/fr\/shop\/"},{"@type":"ListItem","position":3,"name":"Batonnets de chips"}]},{"@type":"WebSite","@id":"https:\/\/pafritas.es\/fr\/#website","url":"https:\/\/pafritas.es\/fr\/","name":"Pafritas: Patatas fritas artesanales","description":"Garantia de calidad","publisher":{"@id":"https:\/\/pafritas.es\/fr\/#organization"},"potentialAction":[{"@type":"SearchAction","target":{"@type":"EntryPoint","urlTemplate":"https:\/\/pafritas.es\/fr\/?s={search_term_string}"},"query-input":{"@type":"PropertyValueSpecification","valueRequired":true,"valueName":"search_term_string"}}],"inLanguage":"fr-FR"},{"@type":"Organization","@id":"https:\/\/pafritas.es\/fr\/#organization","name":"Pafritas","url":"https:\/\/pafritas.es\/fr\/","logo":{"@type":"ImageObject","inLanguage":"fr-FR","@id":"https:\/\/pafritas.es\/fr\/#\/schema\/logo\/image\/","url":"https:\/\/pafritas.es\/wp-content\/uploads\/2013\/10\/Logotipo_Pafritas_Patatas_fritas_de_calidad-2.png","contentUrl":"https:\/\/pafritas.es\/wp-content\/uploads\/2013\/10\/Logotipo_Pafritas_Patatas_fritas_de_calidad-2.png","width":155,"height":57,"caption":"Pafritas"},"image":{"@id":"https:\/\/pafritas.es\/fr\/#\/schema\/logo\/image\/"},"sameAs":["https:\/\/www.facebook.com\/pafritasartesano","https:\/\/x.com\/Pafritas","https:\/\/www.instagram.com\/pafritas_artesano\/"]}]}},"_links":{"self":[{"href":"https:\/\/pafritas.es\/fr\/wp-json\/wp\/v2\/product\/18003","targetHints":{"allow":["GET"]}}],"collection":[{"href":"https:\/\/pafritas.es\/fr\/wp-json\/wp\/v2\/product"}],"about":[{"href":"https:\/\/pafritas.es\/fr\/wp-json\/wp\/v2\/types\/product"}],"replies":[{"embeddable":true,"href":"https:\/\/pafritas.es\/fr\/wp-json\/wp\/v2\/comments?post=18003"}],"wp:featuredmedia":[{"embeddable":true,"href":"https:\/\/pafritas.es\/fr\/wp-json\/wp\/v2\/media\/18004"}],"wp:attachment":[{"href":"https:\/\/pafritas.es\/fr\/wp-json\/wp\/v2\/media?parent=18003"}],"wp:term":[{"taxonomy":"product_brand","embeddable":true,"href":"https:\/\/pafritas.es\/fr\/wp-json\/wp\/v2\/product_brand?post=18003"},{"taxonomy":"product_cat","embeddable":true,"href":"https:\/\/pafritas.es\/fr\/wp-json\/wp\/v2\/product_cat?post=18003"},{"taxonomy":"product_tag","embeddable":true,"href":"https:\/\/pafritas.es\/fr\/wp-json\/wp\/v2\/product_tag?post=18003"}],"curies":[{"name":"wp","href":"https:\/\/api.w.org\/{rel}","templated":true}]}}