{"id":17995,"date":"2016-03-16T15:51:01","date_gmt":"2016-03-16T15:51:01","guid":{"rendered":"https:\/\/pafritas.es\/tienda\/picante\/"},"modified":"2023-03-30T08:43:43","modified_gmt":"2023-03-30T08:43:43","slug":"epice","status":"publish","type":"product","link":"https:\/\/pafritas.es\/fr\/boutique\/epice\/","title":{"rendered":"\u00c9pic\u00e9"},"content":{"rendered":"","protected":false},"excerpt":{"rendered":"<p>Si vous aimez le piquant, osez essayer ces chips, Cayenne moulu naturel saupoudr\u00e9 \u00e0 la main, qui se r\u00e9pandra progressivement dans vos papilles \u00a0\u00e0 travers nos Pafritas croustillantes et d\u00e9licieuses. Le piment de Cayenne est un merveilleux anti-inflammatoire qui \u00a0en plus de nous aider \u00e0 la digestion poss\u00e8de un large \u00a0\u00e9ventail de propri\u00e9t\u00e9s b\u00e9n\u00e9fiques pour la sant\u00e9.<\/p>\n<p>Allez-vous rester sans les essayer???<\/p>\n","protected":false},"featured_media":17996,"comment_status":"open","ping_status":"closed","template":"","meta":[],"product_brand":[],"product_cat":[549],"product_tag":[],"class_list":{"0":"post-17995","1":"product","2":"type-product","3":"status-publish","4":"has-post-thumbnail","6":"product_cat-pommes-de-terre-sautees","8":"first","9":"instock","10":"shipping-taxable","11":"purchasable","12":"product-type-variable","13":"has-default-attributes"},"yoast_head":"<!-- This site is optimized with the Yoast SEO plugin v25.0 - https:\/\/yoast.com\/wordpress\/plugins\/seo\/ -->\n<title>\u00c9pic\u00e9 - Pafritas<\/title>\n<meta name=\"robots\" content=\"index, follow, max-snippet:-1, max-image-preview:large, max-video-preview:-1\" \/>\n<link rel=\"canonical\" href=\"https:\/\/pafritas.es\/fr\/boutique\/epice\/\" \/>\n<meta property=\"og:locale\" content=\"fr_FR\" \/>\n<meta property=\"og:type\" content=\"article\" \/>\n<meta property=\"og:title\" content=\"\u00c9pic\u00e9 - Pafritas\" \/>\n<meta property=\"og:description\" content=\"Si vous aimez le piquant, osez essayer ces chips, Cayenne moulu naturel saupoudr\u00e9 \u00e0 la main, qui se r\u00e9pandra progressivement dans vos papilles \u00a0\u00e0 travers nos Pafritas croustillantes et d\u00e9licieuses. Le piment de Cayenne est un merveilleux anti-inflammatoire qui \u00a0en plus de nous aider \u00e0 la digestion poss\u00e8de un large \u00a0\u00e9ventail de propri\u00e9t\u00e9s b\u00e9n\u00e9fiques pour la sant\u00e9.  Allez-vous rester sans les essayer???\" \/>\n<meta property=\"og:url\" content=\"https:\/\/pafritas.es\/fr\/boutique\/epice\/\" \/>\n<meta property=\"og:site_name\" content=\"Pafritas: Patatas fritas artesanales\" \/>\n<meta property=\"article:publisher\" content=\"https:\/\/www.facebook.com\/pafritasartesano\" \/>\n<meta property=\"article:modified_time\" content=\"2023-03-30T08:43:43+00:00\" \/>\n<meta property=\"og:image\" content=\"https:\/\/pafritas.es\/wp-content\/uploads\/2019\/11\/ImagenProductos_Tavola-disegno-1-copia-4.jpg\" \/>\n\t<meta property=\"og:image:width\" content=\"900\" \/>\n\t<meta property=\"og:image:height\" content=\"900\" \/>\n\t<meta property=\"og:image:type\" content=\"image\/jpeg\" \/>\n<meta name=\"twitter:card\" content=\"summary_large_image\" \/>\n<meta name=\"twitter:site\" content=\"@Pafritas\" \/>\n<script type=\"application\/ld+json\" class=\"yoast-schema-graph\">{\"@context\":\"https:\/\/schema.org\",\"@graph\":[{\"@type\":\"WebPage\",\"@id\":\"https:\/\/pafritas.es\/fr\/boutique\/epice\/\",\"url\":\"https:\/\/pafritas.es\/fr\/boutique\/epice\/\",\"name\":\"\u00c9pic\u00e9 - Pafritas\",\"isPartOf\":{\"@id\":\"https:\/\/pafritas.es\/fr\/#website\"},\"primaryImageOfPage\":{\"@id\":\"https:\/\/pafritas.es\/fr\/boutique\/epice\/#primaryimage\"},\"image\":{\"@id\":\"https:\/\/pafritas.es\/fr\/boutique\/epice\/#primaryimage\"},\"thumbnailUrl\":\"https:\/\/pafritas.es\/wp-content\/uploads\/2019\/11\/ImagenProductos_Tavola-disegno-1-copia-4.jpg\",\"datePublished\":\"2016-03-16T15:51:01+00:00\",\"dateModified\":\"2023-03-30T08:43:43+00:00\",\"breadcrumb\":{\"@id\":\"https:\/\/pafritas.es\/fr\/boutique\/epice\/#breadcrumb\"},\"inLanguage\":\"fr-FR\",\"potentialAction\":[{\"@type\":\"ReadAction\",\"target\":[\"https:\/\/pafritas.es\/fr\/boutique\/epice\/\"]}]},{\"@type\":\"ImageObject\",\"inLanguage\":\"fr-FR\",\"@id\":\"https:\/\/pafritas.es\/fr\/boutique\/epice\/#primaryimage\",\"url\":\"https:\/\/pafritas.es\/wp-content\/uploads\/2019\/11\/ImagenProductos_Tavola-disegno-1-copia-4.jpg\",\"contentUrl\":\"https:\/\/pafritas.es\/wp-content\/uploads\/2019\/11\/ImagenProductos_Tavola-disegno-1-copia-4.jpg\",\"width\":900,\"height\":900},{\"@type\":\"BreadcrumbList\",\"@id\":\"https:\/\/pafritas.es\/fr\/boutique\/epice\/#breadcrumb\",\"itemListElement\":[{\"@type\":\"ListItem\",\"position\":1,\"name\":\"Portada\",\"item\":\"https:\/\/pafritas.es\/fr\/\"},{\"@type\":\"ListItem\",\"position\":2,\"name\":\"Produits\",\"item\":\"https:\/\/pafritas.es\/fr\/shop\/\"},{\"@type\":\"ListItem\",\"position\":3,\"name\":\"\u00c9pic\u00e9\"}]},{\"@type\":\"WebSite\",\"@id\":\"https:\/\/pafritas.es\/fr\/#website\",\"url\":\"https:\/\/pafritas.es\/fr\/\",\"name\":\"Pafritas: Patatas fritas artesanales\",\"description\":\"Garantia de calidad\",\"publisher\":{\"@id\":\"https:\/\/pafritas.es\/fr\/#organization\"},\"potentialAction\":[{\"@type\":\"SearchAction\",\"target\":{\"@type\":\"EntryPoint\",\"urlTemplate\":\"https:\/\/pafritas.es\/fr\/?s={search_term_string}\"},\"query-input\":{\"@type\":\"PropertyValueSpecification\",\"valueRequired\":true,\"valueName\":\"search_term_string\"}}],\"inLanguage\":\"fr-FR\"},{\"@type\":\"Organization\",\"@id\":\"https:\/\/pafritas.es\/fr\/#organization\",\"name\":\"Pafritas\",\"url\":\"https:\/\/pafritas.es\/fr\/\",\"logo\":{\"@type\":\"ImageObject\",\"inLanguage\":\"fr-FR\",\"@id\":\"https:\/\/pafritas.es\/fr\/#\/schema\/logo\/image\/\",\"url\":\"https:\/\/pafritas.es\/wp-content\/uploads\/2013\/10\/Logotipo_Pafritas_Patatas_fritas_de_calidad-2.png\",\"contentUrl\":\"https:\/\/pafritas.es\/wp-content\/uploads\/2013\/10\/Logotipo_Pafritas_Patatas_fritas_de_calidad-2.png\",\"width\":155,\"height\":57,\"caption\":\"Pafritas\"},\"image\":{\"@id\":\"https:\/\/pafritas.es\/fr\/#\/schema\/logo\/image\/\"},\"sameAs\":[\"https:\/\/www.facebook.com\/pafritasartesano\",\"https:\/\/x.com\/Pafritas\",\"https:\/\/www.instagram.com\/pafritas_artesano\/\"]}]}<\/script>\n<!-- \/ Yoast SEO plugin. -->","yoast_head_json":{"title":"\u00c9pic\u00e9 - Pafritas","robots":{"index":"index","follow":"follow","max-snippet":"max-snippet:-1","max-image-preview":"max-image-preview:large","max-video-preview":"max-video-preview:-1"},"canonical":"https:\/\/pafritas.es\/fr\/boutique\/epice\/","og_locale":"fr_FR","og_type":"article","og_title":"\u00c9pic\u00e9 - Pafritas","og_description":"Si vous aimez le piquant, osez essayer ces chips, Cayenne moulu naturel saupoudr\u00e9 \u00e0 la main, qui se r\u00e9pandra progressivement dans vos papilles \u00a0\u00e0 travers nos Pafritas croustillantes et d\u00e9licieuses. Le piment de Cayenne est un merveilleux anti-inflammatoire qui \u00a0en plus de nous aider \u00e0 la digestion poss\u00e8de un large \u00a0\u00e9ventail de propri\u00e9t\u00e9s b\u00e9n\u00e9fiques pour la sant\u00e9.  Allez-vous rester sans les essayer???","og_url":"https:\/\/pafritas.es\/fr\/boutique\/epice\/","og_site_name":"Pafritas: Patatas fritas artesanales","article_publisher":"https:\/\/www.facebook.com\/pafritasartesano","article_modified_time":"2023-03-30T08:43:43+00:00","og_image":[{"width":900,"height":900,"url":"https:\/\/pafritas.es\/wp-content\/uploads\/2019\/11\/ImagenProductos_Tavola-disegno-1-copia-4.jpg","type":"image\/jpeg"}],"twitter_card":"summary_large_image","twitter_site":"@Pafritas","schema":{"@context":"https:\/\/schema.org","@graph":[{"@type":"WebPage","@id":"https:\/\/pafritas.es\/fr\/boutique\/epice\/","url":"https:\/\/pafritas.es\/fr\/boutique\/epice\/","name":"\u00c9pic\u00e9 - Pafritas","isPartOf":{"@id":"https:\/\/pafritas.es\/fr\/#website"},"primaryImageOfPage":{"@id":"https:\/\/pafritas.es\/fr\/boutique\/epice\/#primaryimage"},"image":{"@id":"https:\/\/pafritas.es\/fr\/boutique\/epice\/#primaryimage"},"thumbnailUrl":"https:\/\/pafritas.es\/wp-content\/uploads\/2019\/11\/ImagenProductos_Tavola-disegno-1-copia-4.jpg","datePublished":"2016-03-16T15:51:01+00:00","dateModified":"2023-03-30T08:43:43+00:00","breadcrumb":{"@id":"https:\/\/pafritas.es\/fr\/boutique\/epice\/#breadcrumb"},"inLanguage":"fr-FR","potentialAction":[{"@type":"ReadAction","target":["https:\/\/pafritas.es\/fr\/boutique\/epice\/"]}]},{"@type":"ImageObject","inLanguage":"fr-FR","@id":"https:\/\/pafritas.es\/fr\/boutique\/epice\/#primaryimage","url":"https:\/\/pafritas.es\/wp-content\/uploads\/2019\/11\/ImagenProductos_Tavola-disegno-1-copia-4.jpg","contentUrl":"https:\/\/pafritas.es\/wp-content\/uploads\/2019\/11\/ImagenProductos_Tavola-disegno-1-copia-4.jpg","width":900,"height":900},{"@type":"BreadcrumbList","@id":"https:\/\/pafritas.es\/fr\/boutique\/epice\/#breadcrumb","itemListElement":[{"@type":"ListItem","position":1,"name":"Portada","item":"https:\/\/pafritas.es\/fr\/"},{"@type":"ListItem","position":2,"name":"Produits","item":"https:\/\/pafritas.es\/fr\/shop\/"},{"@type":"ListItem","position":3,"name":"\u00c9pic\u00e9"}]},{"@type":"WebSite","@id":"https:\/\/pafritas.es\/fr\/#website","url":"https:\/\/pafritas.es\/fr\/","name":"Pafritas: Patatas fritas artesanales","description":"Garantia de calidad","publisher":{"@id":"https:\/\/pafritas.es\/fr\/#organization"},"potentialAction":[{"@type":"SearchAction","target":{"@type":"EntryPoint","urlTemplate":"https:\/\/pafritas.es\/fr\/?s={search_term_string}"},"query-input":{"@type":"PropertyValueSpecification","valueRequired":true,"valueName":"search_term_string"}}],"inLanguage":"fr-FR"},{"@type":"Organization","@id":"https:\/\/pafritas.es\/fr\/#organization","name":"Pafritas","url":"https:\/\/pafritas.es\/fr\/","logo":{"@type":"ImageObject","inLanguage":"fr-FR","@id":"https:\/\/pafritas.es\/fr\/#\/schema\/logo\/image\/","url":"https:\/\/pafritas.es\/wp-content\/uploads\/2013\/10\/Logotipo_Pafritas_Patatas_fritas_de_calidad-2.png","contentUrl":"https:\/\/pafritas.es\/wp-content\/uploads\/2013\/10\/Logotipo_Pafritas_Patatas_fritas_de_calidad-2.png","width":155,"height":57,"caption":"Pafritas"},"image":{"@id":"https:\/\/pafritas.es\/fr\/#\/schema\/logo\/image\/"},"sameAs":["https:\/\/www.facebook.com\/pafritasartesano","https:\/\/x.com\/Pafritas","https:\/\/www.instagram.com\/pafritas_artesano\/"]}]}},"_links":{"self":[{"href":"https:\/\/pafritas.es\/fr\/wp-json\/wp\/v2\/product\/17995","targetHints":{"allow":["GET"]}}],"collection":[{"href":"https:\/\/pafritas.es\/fr\/wp-json\/wp\/v2\/product"}],"about":[{"href":"https:\/\/pafritas.es\/fr\/wp-json\/wp\/v2\/types\/product"}],"replies":[{"embeddable":true,"href":"https:\/\/pafritas.es\/fr\/wp-json\/wp\/v2\/comments?post=17995"}],"wp:featuredmedia":[{"embeddable":true,"href":"https:\/\/pafritas.es\/fr\/wp-json\/wp\/v2\/media\/17996"}],"wp:attachment":[{"href":"https:\/\/pafritas.es\/fr\/wp-json\/wp\/v2\/media?parent=17995"}],"wp:term":[{"taxonomy":"product_brand","embeddable":true,"href":"https:\/\/pafritas.es\/fr\/wp-json\/wp\/v2\/product_brand?post=17995"},{"taxonomy":"product_cat","embeddable":true,"href":"https:\/\/pafritas.es\/fr\/wp-json\/wp\/v2\/product_cat?post=17995"},{"taxonomy":"product_tag","embeddable":true,"href":"https:\/\/pafritas.es\/fr\/wp-json\/wp\/v2\/product_tag?post=17995"}],"curies":[{"name":"wp","href":"https:\/\/api.w.org\/{rel}","templated":true}]}}