{"id":17933,"date":"2019-12-27T11:51:29","date_gmt":"2019-12-27T11:51:29","guid":{"rendered":"https:\/\/pafritas.es\/tienda\/el-gourmet-de-la-roja\/"},"modified":"2023-03-30T08:43:27","modified_gmt":"2023-03-30T08:43:27","slug":"el-gourmet-de-la-roja","status":"publish","type":"product","link":"https:\/\/pafritas.es\/fr\/boutique\/el-gourmet-de-la-roja\/","title":{"rendered":"El Gourmet de la Roja"},"content":{"rendered":"","protected":false},"excerpt":{"rendered":"<p>Une \u00e9dition \u00a0sp\u00e9ciale \u00a0pour \u00a0soutenir le sport.<\/p>\n<p>Co\u00efncidant \u00a0avec le100e anniversaire de la S\u00e9lection Espagnole de Football et la c\u00e9l\u00e9bration du championnat d \u00b4Europe. N\u00e9 en \u00a02020, El Gourmet de La Roja est une marque officielle de la F\u00e9d\u00e9ration qui repr\u00e9sente l\u00b4 excellence\u00a0 gastronomique\u00a0 de notre pays et qui s\u00e9lectionne<\/p>\n<p>Cette \u00e9dition sp\u00e9ciale\u00a0 pour le Gourmet de La Roja contient nos pommes de terre classiques, parfaites pour toutes les occasions.<\/p>\n<p>Ce championnat d\u2019Europe, profitez des matchs de l\u00b4\u00e9quipe nationale avec Pafritas!<\/p>\n","protected":false},"featured_media":17934,"comment_status":"open","ping_status":"closed","template":"","meta":[],"product_brand":[],"product_cat":[549],"product_tag":[],"class_list":{"0":"post-17933","1":"product","2":"type-product","3":"status-publish","4":"has-post-thumbnail","6":"product_cat-pommes-de-terre-sautees","8":"first","9":"instock","10":"featured","11":"shipping-taxable","12":"purchasable","13":"product-type-variable","14":"has-default-attributes"},"yoast_head":"<!-- This site is optimized with the Yoast SEO plugin v25.0 - https:\/\/yoast.com\/wordpress\/plugins\/seo\/ -->\n<title>El Gourmet de la Roja - Pafritas<\/title>\n<meta name=\"robots\" content=\"index, follow, max-snippet:-1, max-image-preview:large, max-video-preview:-1\" \/>\n<link rel=\"canonical\" href=\"https:\/\/pafritas.es\/fr\/boutique\/el-gourmet-de-la-roja\/\" \/>\n<meta property=\"og:locale\" content=\"fr_FR\" \/>\n<meta property=\"og:type\" content=\"article\" \/>\n<meta property=\"og:title\" content=\"El Gourmet de la Roja - Pafritas\" \/>\n<meta property=\"og:description\" content=\"Une \u00e9dition \u00a0sp\u00e9ciale \u00a0pour \u00a0soutenir le sport.  Co\u00efncidant \u00a0avec le100e anniversaire de la S\u00e9lection Espagnole de Football et la c\u00e9l\u00e9bration du championnat d \u00b4Europe. N\u00e9 en \u00a02020, El Gourmet de La Roja est une marque officielle de la F\u00e9d\u00e9ration qui repr\u00e9sente l\u00b4 excellence\u00a0 gastronomique\u00a0 de notre pays et qui s\u00e9lectionne  Cette \u00e9dition sp\u00e9ciale\u00a0 pour le Gourmet de La Roja contient nos pommes de terre classiques, parfaites pour toutes les occasions.  Ce championnat d\u2019Europe, profitez des matchs de l\u00b4\u00e9quipe nationale avec Pafritas!\" \/>\n<meta property=\"og:url\" content=\"https:\/\/pafritas.es\/fr\/boutique\/el-gourmet-de-la-roja\/\" \/>\n<meta property=\"og:site_name\" content=\"Pafritas: Patatas fritas artesanales\" \/>\n<meta property=\"article:publisher\" content=\"https:\/\/www.facebook.com\/pafritasartesano\" \/>\n<meta property=\"article:modified_time\" content=\"2023-03-30T08:43:27+00:00\" \/>\n<meta property=\"og:image\" content=\"https:\/\/pafritas.es\/wp-content\/uploads\/2019\/11\/ImagenProductos_Tavola-disegno-1-copia-7.jpg\" \/>\n\t<meta property=\"og:image:width\" content=\"900\" \/>\n\t<meta property=\"og:image:height\" content=\"900\" \/>\n\t<meta property=\"og:image:type\" content=\"image\/jpeg\" \/>\n<meta name=\"twitter:card\" content=\"summary_large_image\" \/>\n<meta name=\"twitter:site\" content=\"@Pafritas\" \/>\n<script type=\"application\/ld+json\" class=\"yoast-schema-graph\">{\"@context\":\"https:\/\/schema.org\",\"@graph\":[{\"@type\":\"WebPage\",\"@id\":\"https:\/\/pafritas.es\/fr\/boutique\/el-gourmet-de-la-roja\/\",\"url\":\"https:\/\/pafritas.es\/fr\/boutique\/el-gourmet-de-la-roja\/\",\"name\":\"El Gourmet de la Roja - Pafritas\",\"isPartOf\":{\"@id\":\"https:\/\/pafritas.es\/fr\/#website\"},\"primaryImageOfPage\":{\"@id\":\"https:\/\/pafritas.es\/fr\/boutique\/el-gourmet-de-la-roja\/#primaryimage\"},\"image\":{\"@id\":\"https:\/\/pafritas.es\/fr\/boutique\/el-gourmet-de-la-roja\/#primaryimage\"},\"thumbnailUrl\":\"https:\/\/pafritas.es\/wp-content\/uploads\/2019\/11\/ImagenProductos_Tavola-disegno-1-copia-7.jpg\",\"datePublished\":\"2019-12-27T11:51:29+00:00\",\"dateModified\":\"2023-03-30T08:43:27+00:00\",\"breadcrumb\":{\"@id\":\"https:\/\/pafritas.es\/fr\/boutique\/el-gourmet-de-la-roja\/#breadcrumb\"},\"inLanguage\":\"fr-FR\",\"potentialAction\":[{\"@type\":\"ReadAction\",\"target\":[\"https:\/\/pafritas.es\/fr\/boutique\/el-gourmet-de-la-roja\/\"]}]},{\"@type\":\"ImageObject\",\"inLanguage\":\"fr-FR\",\"@id\":\"https:\/\/pafritas.es\/fr\/boutique\/el-gourmet-de-la-roja\/#primaryimage\",\"url\":\"https:\/\/pafritas.es\/wp-content\/uploads\/2019\/11\/ImagenProductos_Tavola-disegno-1-copia-7.jpg\",\"contentUrl\":\"https:\/\/pafritas.es\/wp-content\/uploads\/2019\/11\/ImagenProductos_Tavola-disegno-1-copia-7.jpg\",\"width\":900,\"height\":900},{\"@type\":\"BreadcrumbList\",\"@id\":\"https:\/\/pafritas.es\/fr\/boutique\/el-gourmet-de-la-roja\/#breadcrumb\",\"itemListElement\":[{\"@type\":\"ListItem\",\"position\":1,\"name\":\"Portada\",\"item\":\"https:\/\/pafritas.es\/fr\/\"},{\"@type\":\"ListItem\",\"position\":2,\"name\":\"Produits\",\"item\":\"https:\/\/pafritas.es\/fr\/shop\/\"},{\"@type\":\"ListItem\",\"position\":3,\"name\":\"El Gourmet de la Roja\"}]},{\"@type\":\"WebSite\",\"@id\":\"https:\/\/pafritas.es\/fr\/#website\",\"url\":\"https:\/\/pafritas.es\/fr\/\",\"name\":\"Pafritas: Patatas fritas artesanales\",\"description\":\"Garantia de calidad\",\"publisher\":{\"@id\":\"https:\/\/pafritas.es\/fr\/#organization\"},\"potentialAction\":[{\"@type\":\"SearchAction\",\"target\":{\"@type\":\"EntryPoint\",\"urlTemplate\":\"https:\/\/pafritas.es\/fr\/?s={search_term_string}\"},\"query-input\":{\"@type\":\"PropertyValueSpecification\",\"valueRequired\":true,\"valueName\":\"search_term_string\"}}],\"inLanguage\":\"fr-FR\"},{\"@type\":\"Organization\",\"@id\":\"https:\/\/pafritas.es\/fr\/#organization\",\"name\":\"Pafritas\",\"url\":\"https:\/\/pafritas.es\/fr\/\",\"logo\":{\"@type\":\"ImageObject\",\"inLanguage\":\"fr-FR\",\"@id\":\"https:\/\/pafritas.es\/fr\/#\/schema\/logo\/image\/\",\"url\":\"https:\/\/pafritas.es\/wp-content\/uploads\/2013\/10\/Logotipo_Pafritas_Patatas_fritas_de_calidad-2.png\",\"contentUrl\":\"https:\/\/pafritas.es\/wp-content\/uploads\/2013\/10\/Logotipo_Pafritas_Patatas_fritas_de_calidad-2.png\",\"width\":155,\"height\":57,\"caption\":\"Pafritas\"},\"image\":{\"@id\":\"https:\/\/pafritas.es\/fr\/#\/schema\/logo\/image\/\"},\"sameAs\":[\"https:\/\/www.facebook.com\/pafritasartesano\",\"https:\/\/x.com\/Pafritas\",\"https:\/\/www.instagram.com\/pafritas_artesano\/\"]}]}<\/script>\n<!-- \/ Yoast SEO plugin. -->","yoast_head_json":{"title":"El Gourmet de la Roja - Pafritas","robots":{"index":"index","follow":"follow","max-snippet":"max-snippet:-1","max-image-preview":"max-image-preview:large","max-video-preview":"max-video-preview:-1"},"canonical":"https:\/\/pafritas.es\/fr\/boutique\/el-gourmet-de-la-roja\/","og_locale":"fr_FR","og_type":"article","og_title":"El Gourmet de la Roja - Pafritas","og_description":"Une \u00e9dition \u00a0sp\u00e9ciale \u00a0pour \u00a0soutenir le sport.  Co\u00efncidant \u00a0avec le100e anniversaire de la S\u00e9lection Espagnole de Football et la c\u00e9l\u00e9bration du championnat d \u00b4Europe. N\u00e9 en \u00a02020, El Gourmet de La Roja est une marque officielle de la F\u00e9d\u00e9ration qui repr\u00e9sente l\u00b4 excellence\u00a0 gastronomique\u00a0 de notre pays et qui s\u00e9lectionne  Cette \u00e9dition sp\u00e9ciale\u00a0 pour le Gourmet de La Roja contient nos pommes de terre classiques, parfaites pour toutes les occasions.  Ce championnat d\u2019Europe, profitez des matchs de l\u00b4\u00e9quipe nationale avec Pafritas!","og_url":"https:\/\/pafritas.es\/fr\/boutique\/el-gourmet-de-la-roja\/","og_site_name":"Pafritas: Patatas fritas artesanales","article_publisher":"https:\/\/www.facebook.com\/pafritasartesano","article_modified_time":"2023-03-30T08:43:27+00:00","og_image":[{"width":900,"height":900,"url":"https:\/\/pafritas.es\/wp-content\/uploads\/2019\/11\/ImagenProductos_Tavola-disegno-1-copia-7.jpg","type":"image\/jpeg"}],"twitter_card":"summary_large_image","twitter_site":"@Pafritas","schema":{"@context":"https:\/\/schema.org","@graph":[{"@type":"WebPage","@id":"https:\/\/pafritas.es\/fr\/boutique\/el-gourmet-de-la-roja\/","url":"https:\/\/pafritas.es\/fr\/boutique\/el-gourmet-de-la-roja\/","name":"El Gourmet de la Roja - Pafritas","isPartOf":{"@id":"https:\/\/pafritas.es\/fr\/#website"},"primaryImageOfPage":{"@id":"https:\/\/pafritas.es\/fr\/boutique\/el-gourmet-de-la-roja\/#primaryimage"},"image":{"@id":"https:\/\/pafritas.es\/fr\/boutique\/el-gourmet-de-la-roja\/#primaryimage"},"thumbnailUrl":"https:\/\/pafritas.es\/wp-content\/uploads\/2019\/11\/ImagenProductos_Tavola-disegno-1-copia-7.jpg","datePublished":"2019-12-27T11:51:29+00:00","dateModified":"2023-03-30T08:43:27+00:00","breadcrumb":{"@id":"https:\/\/pafritas.es\/fr\/boutique\/el-gourmet-de-la-roja\/#breadcrumb"},"inLanguage":"fr-FR","potentialAction":[{"@type":"ReadAction","target":["https:\/\/pafritas.es\/fr\/boutique\/el-gourmet-de-la-roja\/"]}]},{"@type":"ImageObject","inLanguage":"fr-FR","@id":"https:\/\/pafritas.es\/fr\/boutique\/el-gourmet-de-la-roja\/#primaryimage","url":"https:\/\/pafritas.es\/wp-content\/uploads\/2019\/11\/ImagenProductos_Tavola-disegno-1-copia-7.jpg","contentUrl":"https:\/\/pafritas.es\/wp-content\/uploads\/2019\/11\/ImagenProductos_Tavola-disegno-1-copia-7.jpg","width":900,"height":900},{"@type":"BreadcrumbList","@id":"https:\/\/pafritas.es\/fr\/boutique\/el-gourmet-de-la-roja\/#breadcrumb","itemListElement":[{"@type":"ListItem","position":1,"name":"Portada","item":"https:\/\/pafritas.es\/fr\/"},{"@type":"ListItem","position":2,"name":"Produits","item":"https:\/\/pafritas.es\/fr\/shop\/"},{"@type":"ListItem","position":3,"name":"El Gourmet de la Roja"}]},{"@type":"WebSite","@id":"https:\/\/pafritas.es\/fr\/#website","url":"https:\/\/pafritas.es\/fr\/","name":"Pafritas: Patatas fritas artesanales","description":"Garantia de calidad","publisher":{"@id":"https:\/\/pafritas.es\/fr\/#organization"},"potentialAction":[{"@type":"SearchAction","target":{"@type":"EntryPoint","urlTemplate":"https:\/\/pafritas.es\/fr\/?s={search_term_string}"},"query-input":{"@type":"PropertyValueSpecification","valueRequired":true,"valueName":"search_term_string"}}],"inLanguage":"fr-FR"},{"@type":"Organization","@id":"https:\/\/pafritas.es\/fr\/#organization","name":"Pafritas","url":"https:\/\/pafritas.es\/fr\/","logo":{"@type":"ImageObject","inLanguage":"fr-FR","@id":"https:\/\/pafritas.es\/fr\/#\/schema\/logo\/image\/","url":"https:\/\/pafritas.es\/wp-content\/uploads\/2013\/10\/Logotipo_Pafritas_Patatas_fritas_de_calidad-2.png","contentUrl":"https:\/\/pafritas.es\/wp-content\/uploads\/2013\/10\/Logotipo_Pafritas_Patatas_fritas_de_calidad-2.png","width":155,"height":57,"caption":"Pafritas"},"image":{"@id":"https:\/\/pafritas.es\/fr\/#\/schema\/logo\/image\/"},"sameAs":["https:\/\/www.facebook.com\/pafritasartesano","https:\/\/x.com\/Pafritas","https:\/\/www.instagram.com\/pafritas_artesano\/"]}]}},"_links":{"self":[{"href":"https:\/\/pafritas.es\/fr\/wp-json\/wp\/v2\/product\/17933","targetHints":{"allow":["GET"]}}],"collection":[{"href":"https:\/\/pafritas.es\/fr\/wp-json\/wp\/v2\/product"}],"about":[{"href":"https:\/\/pafritas.es\/fr\/wp-json\/wp\/v2\/types\/product"}],"replies":[{"embeddable":true,"href":"https:\/\/pafritas.es\/fr\/wp-json\/wp\/v2\/comments?post=17933"}],"wp:featuredmedia":[{"embeddable":true,"href":"https:\/\/pafritas.es\/fr\/wp-json\/wp\/v2\/media\/17934"}],"wp:attachment":[{"href":"https:\/\/pafritas.es\/fr\/wp-json\/wp\/v2\/media?parent=17933"}],"wp:term":[{"taxonomy":"product_brand","embeddable":true,"href":"https:\/\/pafritas.es\/fr\/wp-json\/wp\/v2\/product_brand?post=17933"},{"taxonomy":"product_cat","embeddable":true,"href":"https:\/\/pafritas.es\/fr\/wp-json\/wp\/v2\/product_cat?post=17933"},{"taxonomy":"product_tag","embeddable":true,"href":"https:\/\/pafritas.es\/fr\/wp-json\/wp\/v2\/product_tag?post=17933"}],"curies":[{"name":"wp","href":"https:\/\/api.w.org\/{rel}","templated":true}]}}