{"id":17769,"date":"2021-05-14T12:21:39","date_gmt":"2021-05-14T12:21:39","guid":{"rendered":"https:\/\/pafritas.es\/?page_id=17769"},"modified":"2021-10-28T09:27:30","modified_gmt":"2021-10-28T09:27:30","slug":"chariot","status":"publish","type":"page","link":"https:\/\/pafritas.es\/fr\/chariot\/","title":{"rendered":"Chariot"},"content":{"rendered":"<section class=\"wpb-content-wrapper\"><p>[vc_row css=&#8221;.vc_custom_1580809071462{margin-bottom: 60px !important;padding-top: 40px !important;padding-bottom: 45px !important;}&#8221;][vc_column][vc_row_inner row_content_width=&#8221;grid&#8221; css=&#8221;.vc_custom_1580294570541{padding-top: 20px !important;padding-bottom: 20px !important;}&#8221;][vc_column_inner width=&#8221;1\/3&#8243; css=&#8221;.vc_custom_1580294689289{padding-right: 25px !important;padding-left: 25px !important;}&#8221;]<div class=\"edgtf-iwt clearfix edgtf-iwt-icon-left edgtf-iwt-icon-small\">\n\t<div class=\"edgtf-iwt-icon\">\n\t\t\t\t\t\t\t\t\t    <span class=\"edgtf-icon-shortcode edgtf-normal\"  data-color=\"#e1be64\">\n                    <span aria-hidden=\"true\" class=\"edgtf-icon-font-elegant icon_building edgtf-icon-element\" style=\"color: #e1be64;font-size:38px\" ><\/span>            <\/span>\n\t\t\t\t\t\t<\/div>\n\t<div class=\"edgtf-iwt-content\" >\n\t\t\t\t\t<h5 class=\"edgtf-iwt-title\" style=\"color: #e1be64\">\n\t\t\t\t\t\t\t\t<span class=\"edgtf-iwt-title-text\">ENVOI GRATUIT<\/span>\n\t\t\t\t\t\t\t<\/h5>\n\t\t\t\t\t\t\t<p class=\"edgtf-iwt-text\" style=\"margin-top: 12px\">Livraison gratuite dans toute la p\u00e9ninsule \u00e0 partir de 15\u20ac.<\/p>\n\t\t\t<\/div>\n<\/div>[\/vc_column_inner][vc_column_inner width=&#8221;1\/3&#8243; css=&#8221;.vc_custom_1580294713464{padding-right: 25px !important;padding-left: 25px !important;}&#8221;]<div class=\"edgtf-iwt clearfix edgtf-iwt-icon-left edgtf-iwt-icon-tiny\">\n\t<div class=\"edgtf-iwt-icon\">\n\t\t\t\t\t\t\t\t\t    <span class=\"edgtf-icon-shortcode edgtf-normal\"  data-color=\"#e1be64\">\n                    <span aria-hidden=\"true\" class=\"edgtf-icon-font-elegant icon_creditcard edgtf-icon-element\" style=\"color: #e1be64;font-size:38px\" ><\/span>            <\/span>\n\t\t\t\t\t\t<\/div>\n\t<div class=\"edgtf-iwt-content\" >\n\t\t\t\t\t<h5 class=\"edgtf-iwt-title\" style=\"color: #e1be64\">\n\t\t\t\t\t\t\t\t<span class=\"edgtf-iwt-title-text\">ACHAT S\u00c9CURIS\u00c9E<\/span>\n\t\t\t\t\t\t\t<\/h5>\n\t\t\t\t\t\t\t<p class=\"edgtf-iwt-text\" style=\"margin-top: 12px\">Payez votre achat en toute s\u00e9curit\u00e9 via le service PayPal.<\/p>\n\t\t\t<\/div>\n<\/div>[\/vc_column_inner][vc_column_inner width=&#8221;1\/3&#8243; css=&#8221;.vc_custom_1580294719090{padding-right: 25px !important;padding-left: 25px !important;}&#8221;]<div class=\"edgtf-iwt clearfix edgtf-iwt-icon-left edgtf-iwt-icon-tiny\">\n\t<div class=\"edgtf-iwt-icon\">\n\t\t\t\t\t\t\t\t\t    <span class=\"edgtf-icon-shortcode edgtf-normal\"  data-color=\"#e1be64\">\n                    <span aria-hidden=\"true\" class=\"edgtf-icon-font-elegant icon_bag_alt edgtf-icon-element\" style=\"color: #e1be64;font-size:38px\" ><\/span>            <\/span>\n\t\t\t\t\t\t<\/div>\n\t<div class=\"edgtf-iwt-content\" >\n\t\t\t\t\t<h5 class=\"edgtf-iwt-title\" style=\"color: #e1be64\">\n\t\t\t\t\t\t\t\t<span class=\"edgtf-iwt-title-text\">ACHAT EN LIGNE<\/span>\n\t\t\t\t\t\t\t<\/h5>\n\t\t\t\t\t\t\t<p class=\"edgtf-iwt-text\" style=\"margin-top: 12px\">Achetez vos chips artisanales facilement, rapidement et en toute s\u00e9curit\u00e9.<\/p>\n\t\t\t<\/div>\n<\/div>[\/vc_column_inner][\/vc_row_inner][\/vc_column][\/vc_row][vc_row][vc_column][\/vc_column][\/vc_row][vc_row css=&#8221;.vc_custom_1563525611990{margin-top: 60px !important;margin-bottom: 60px !important;}&#8221;][vc_column]<div class=\"edgtf-elements-holder edgtf-one-column edgtf-responsive-mode-768\" ><div class=\"edgtf-eh-item edgtf-horizontal-alignment-center\"  data-item-class=\"edgtf-eh-custom-735540\">\n\t<div class=\"edgtf-eh-item-inner\">\n\t\t<div class=\"edgtf-eh-item-content edgtf-eh-custom-735540\" >\n\t\t\t<div class=\"edgtf-section-title-holder\" >\n\t\t\t\t\t<h3 class=\"edgtf-st-title\" style=\"font-size: 35;font-weight: 700\">\n\t\t\t<span>PRODUITS LES PLUS VENDUS<\/span>\n\t\t<\/h3>\n\t\t<\/div>\t\t<\/div>\n\t<\/div>\n<\/div><\/div>[vc_empty_space height=&#8221;66px&#8221;]<div class=\"woocommerce columns-4 \"><ul class=\"products columns-4\">\n<li class=\"product type-product post-17999 status-publish first instock product_cat-pommes-de-terre-sautees has-post-thumbnail featured shipping-taxable purchasable product-type-variable has-default-attributes\">\n\t<div class=\"edgtf-pl-inner\"><div class=\"edgtf-pl-image\"><img loading=\"lazy\" decoding=\"async\" width=\"300\" height=\"300\" src=\"https:\/\/pafritas.es\/wp-content\/uploads\/2019\/11\/ImagenProductos_Tavola-disegno-1-copia-2-300x300.jpg\" class=\"attachment-woocommerce_thumbnail size-woocommerce_thumbnail\" alt=\"Sans Sel\" srcset=\"https:\/\/pafritas.es\/wp-content\/uploads\/2019\/11\/ImagenProductos_Tavola-disegno-1-copia-2-300x300.jpg 300w, https:\/\/pafritas.es\/wp-content\/uploads\/2019\/11\/ImagenProductos_Tavola-disegno-1-copia-2-150x150.jpg 150w, https:\/\/pafritas.es\/wp-content\/uploads\/2019\/11\/ImagenProductos_Tavola-disegno-1-copia-2-768x768.jpg 768w, https:\/\/pafritas.es\/wp-content\/uploads\/2019\/11\/ImagenProductos_Tavola-disegno-1-copia-2-550x550.jpg 550w, https:\/\/pafritas.es\/wp-content\/uploads\/2019\/11\/ImagenProductos_Tavola-disegno-1-copia-2-600x600.jpg 600w, https:\/\/pafritas.es\/wp-content\/uploads\/2019\/11\/ImagenProductos_Tavola-disegno-1-copia-2-200x200.jpg 200w, https:\/\/pafritas.es\/wp-content\/uploads\/2019\/11\/ImagenProductos_Tavola-disegno-1-copia-2.jpg 900w\" sizes=\"auto, (max-width: 300px) 100vw, 300px\" \/><div class=\"edgtf-pl-text\" style=\"text-align:center;\"><h7 class=\"edgtf-pl-text-inner\">140gr-fr<\/h7><\/div><div class=\"edgtf-pl-text\"><div class=\"edgtf-pl-text-outer\"><div class=\"edgtf-pl-text-inner\"><a href=\"https:\/\/pafritas.es\/fr\/boutique\/sans-sel\/\" aria-describedby=\"woocommerce_loop_add_to_cart_link_describedby_17999\" data-quantity=\"1\" class=\"button product_type_variable add_to_cart_button\" data-product_id=\"17999\" data-product_sku=\"SinSal\" aria-label=\"S\u00e9lectionner les options pour &ldquo;Sans Sel&rdquo;\" rel=\"nofollow\">Choix des options<\/a>\t<span id=\"woocommerce_loop_add_to_cart_link_describedby_17999\" class=\"screen-reader-text\">\n\t\tCe produit a plusieurs variations. Les options peuvent \u00eatre choisies sur la page du produit\t<\/span>\n<\/div><\/div><\/div><\/div><a href=\"https:\/\/pafritas.es\/fr\/boutique\/sans-sel\/\" class=\"woocommerce-LoopProduct-link woocommerce-loop-product__link\"><\/a><\/div><div class=\"edgtf-pl-text-wrapper\">\t\t\t<p class=\"edgtf-pl-category\"><a href=\"https:\/\/pafritas.es\/fr\/categoria-producto\/pommes-de-terre-sautees\/\" rel=\"tag\">Pommes de Terre Saut\u00e9es<\/a><\/p>\n\t\t<h6 class=\"edgtf-product-list-title\"><a href=\"https:\/\/pafritas.es\/fr\/boutique\/sans-sel\/\">Sans Sel<\/a><\/h6><div class=\"edgtf-pl-rating-holder\"><div class=\"star-rating\" role=\"img\" aria-label=\"Note 5.00 sur 5\"><span style=\"width:100%\">Note <strong class=\"rating\">5.00<\/strong> sur 5<\/span><\/div><\/div>\n\t<span class=\"price\"><span class=\"woocommerce-Price-amount amount\"><bdi>2,80<span class=\"woocommerce-Price-currencySymbol\">&euro;<\/span><\/bdi><\/span><\/span>\n<\/div><\/li><li class=\"product type-product post-17993 status-publish instock product_cat-pommes-de-terre-sautees has-post-thumbnail shipping-taxable purchasable product-type-variable has-default-attributes\">\n\t<div class=\"edgtf-pl-inner\"><div class=\"edgtf-pl-image\"><img loading=\"lazy\" decoding=\"async\" width=\"300\" height=\"300\" src=\"https:\/\/pafritas.es\/wp-content\/uploads\/2019\/11\/ImagenProductos_Tavola-disegno-1-copia-300x300.jpg\" class=\"attachment-woocommerce_thumbnail size-woocommerce_thumbnail\" alt=\"Sel Marin\" srcset=\"https:\/\/pafritas.es\/wp-content\/uploads\/2019\/11\/ImagenProductos_Tavola-disegno-1-copia-300x300.jpg 300w, https:\/\/pafritas.es\/wp-content\/uploads\/2019\/11\/ImagenProductos_Tavola-disegno-1-copia-150x150.jpg 150w, https:\/\/pafritas.es\/wp-content\/uploads\/2019\/11\/ImagenProductos_Tavola-disegno-1-copia-768x768.jpg 768w, https:\/\/pafritas.es\/wp-content\/uploads\/2019\/11\/ImagenProductos_Tavola-disegno-1-copia-550x550.jpg 550w, https:\/\/pafritas.es\/wp-content\/uploads\/2019\/11\/ImagenProductos_Tavola-disegno-1-copia-600x600.jpg 600w, https:\/\/pafritas.es\/wp-content\/uploads\/2019\/11\/ImagenProductos_Tavola-disegno-1-copia-200x200.jpg 200w, https:\/\/pafritas.es\/wp-content\/uploads\/2019\/11\/ImagenProductos_Tavola-disegno-1-copia.jpg 900w\" sizes=\"auto, (max-width: 300px) 100vw, 300px\" \/><div class=\"edgtf-pl-text\" style=\"text-align:center;\"><h7 class=\"edgtf-pl-text-inner\">120gr-fr<\/h7><\/div><div class=\"edgtf-pl-text\"><div class=\"edgtf-pl-text-outer\"><div class=\"edgtf-pl-text-inner\"><a href=\"https:\/\/pafritas.es\/fr\/boutique\/sel-marin\/\" aria-describedby=\"woocommerce_loop_add_to_cart_link_describedby_17993\" data-quantity=\"1\" class=\"button product_type_variable add_to_cart_button\" data-product_id=\"17993\" data-product_sku=\"SalMarina\" aria-label=\"S\u00e9lectionner les options pour &ldquo;Sel Marin&rdquo;\" rel=\"nofollow\">Choix des options<\/a>\t<span id=\"woocommerce_loop_add_to_cart_link_describedby_17993\" class=\"screen-reader-text\">\n\t\tCe produit a plusieurs variations. Les options peuvent \u00eatre choisies sur la page du produit\t<\/span>\n<\/div><\/div><\/div><\/div><a href=\"https:\/\/pafritas.es\/fr\/boutique\/sel-marin\/\" class=\"woocommerce-LoopProduct-link woocommerce-loop-product__link\"><\/a><\/div><div class=\"edgtf-pl-text-wrapper\">\t\t\t<p class=\"edgtf-pl-category\"><a href=\"https:\/\/pafritas.es\/fr\/categoria-producto\/pommes-de-terre-sautees\/\" rel=\"tag\">Pommes de Terre Saut\u00e9es<\/a><\/p>\n\t\t<h6 class=\"edgtf-product-list-title\"><a href=\"https:\/\/pafritas.es\/fr\/boutique\/sel-marin\/\">Sel Marin<\/a><\/h6><div class=\"edgtf-pl-rating-holder\"><div class=\"star-rating\" role=\"img\" aria-label=\"Note 4.50 sur 5\"><span style=\"width:90%\">Note <strong class=\"rating\">4.50<\/strong> sur 5<\/span><\/div><\/div>\n\t<span class=\"price\"><span class=\"woocommerce-Price-amount amount\"><bdi>2,80<span class=\"woocommerce-Price-currencySymbol\">&euro;<\/span><\/bdi><\/span><\/span>\n<\/div><\/li><li class=\"product type-product post-17995 status-publish instock product_cat-pommes-de-terre-sautees has-post-thumbnail shipping-taxable purchasable product-type-variable has-default-attributes\">\n\t<div class=\"edgtf-pl-inner\"><div class=\"edgtf-pl-image\"><img loading=\"lazy\" decoding=\"async\" width=\"300\" height=\"300\" src=\"https:\/\/pafritas.es\/wp-content\/uploads\/2019\/11\/ImagenProductos_Tavola-disegno-1-copia-4-300x300.jpg\" class=\"attachment-woocommerce_thumbnail size-woocommerce_thumbnail\" alt=\"\u00c9pic\u00e9\" srcset=\"https:\/\/pafritas.es\/wp-content\/uploads\/2019\/11\/ImagenProductos_Tavola-disegno-1-copia-4-300x300.jpg 300w, https:\/\/pafritas.es\/wp-content\/uploads\/2019\/11\/ImagenProductos_Tavola-disegno-1-copia-4-150x150.jpg 150w, https:\/\/pafritas.es\/wp-content\/uploads\/2019\/11\/ImagenProductos_Tavola-disegno-1-copia-4-768x768.jpg 768w, https:\/\/pafritas.es\/wp-content\/uploads\/2019\/11\/ImagenProductos_Tavola-disegno-1-copia-4-550x550.jpg 550w, https:\/\/pafritas.es\/wp-content\/uploads\/2019\/11\/ImagenProductos_Tavola-disegno-1-copia-4-600x600.jpg 600w, https:\/\/pafritas.es\/wp-content\/uploads\/2019\/11\/ImagenProductos_Tavola-disegno-1-copia-4-200x200.jpg 200w, https:\/\/pafritas.es\/wp-content\/uploads\/2019\/11\/ImagenProductos_Tavola-disegno-1-copia-4.jpg 900w\" sizes=\"auto, (max-width: 300px) 100vw, 300px\" \/><div class=\"edgtf-pl-text\" style=\"text-align:center;\"><h7 class=\"edgtf-pl-text-inner\">120gr-fr<\/h7><\/div><div class=\"edgtf-pl-text\"><div class=\"edgtf-pl-text-outer\"><div class=\"edgtf-pl-text-inner\"><a href=\"https:\/\/pafritas.es\/fr\/boutique\/epice\/\" aria-describedby=\"woocommerce_loop_add_to_cart_link_describedby_17995\" data-quantity=\"1\" class=\"button product_type_variable add_to_cart_button\" data-product_id=\"17995\" data-product_sku=\"Picante\" aria-label=\"S\u00e9lectionner les options pour &ldquo;\u00c9pic\u00e9&rdquo;\" rel=\"nofollow\">Choix des options<\/a>\t<span id=\"woocommerce_loop_add_to_cart_link_describedby_17995\" class=\"screen-reader-text\">\n\t\tCe produit a plusieurs variations. Les options peuvent \u00eatre choisies sur la page du produit\t<\/span>\n<\/div><\/div><\/div><\/div><a href=\"https:\/\/pafritas.es\/fr\/boutique\/epice\/\" class=\"woocommerce-LoopProduct-link woocommerce-loop-product__link\"><\/a><\/div><div class=\"edgtf-pl-text-wrapper\">\t\t\t<p class=\"edgtf-pl-category\"><a href=\"https:\/\/pafritas.es\/fr\/categoria-producto\/pommes-de-terre-sautees\/\" rel=\"tag\">Pommes de Terre Saut\u00e9es<\/a><\/p>\n\t\t<h6 class=\"edgtf-product-list-title\"><a href=\"https:\/\/pafritas.es\/fr\/boutique\/epice\/\">\u00c9pic\u00e9<\/a><\/h6><div class=\"edgtf-pl-rating-holder\"><div class=\"star-rating\" role=\"img\" aria-label=\"Note 4.50 sur 5\"><span style=\"width:90%\">Note <strong class=\"rating\">4.50<\/strong> sur 5<\/span><\/div><\/div>\n\t<span class=\"price\"><span class=\"woocommerce-Price-amount amount\"><bdi>2,80<span class=\"woocommerce-Price-currencySymbol\">&euro;<\/span><\/bdi><\/span><\/span>\n<\/div><\/li><li class=\"product type-product post-18001 status-publish last instock product_cat-pommes-de-terre-sautees has-post-thumbnail shipping-taxable purchasable product-type-variable has-default-attributes\">\n\t<div class=\"edgtf-pl-inner\"><div class=\"edgtf-pl-image\"><img loading=\"lazy\" decoding=\"async\" width=\"300\" height=\"300\" src=\"https:\/\/pafritas.es\/wp-content\/uploads\/2019\/11\/ImagenProductos_Tavola-disegno-1-copia-9-300x300.jpg\" class=\"attachment-woocommerce_thumbnail size-woocommerce_thumbnail\" alt=\"Piment D\u00b4Espelette\" srcset=\"https:\/\/pafritas.es\/wp-content\/uploads\/2019\/11\/ImagenProductos_Tavola-disegno-1-copia-9-300x300.jpg 300w, https:\/\/pafritas.es\/wp-content\/uploads\/2019\/11\/ImagenProductos_Tavola-disegno-1-copia-9-150x150.jpg 150w, https:\/\/pafritas.es\/wp-content\/uploads\/2019\/11\/ImagenProductos_Tavola-disegno-1-copia-9-768x768.jpg 768w, https:\/\/pafritas.es\/wp-content\/uploads\/2019\/11\/ImagenProductos_Tavola-disegno-1-copia-9-550x550.jpg 550w, https:\/\/pafritas.es\/wp-content\/uploads\/2019\/11\/ImagenProductos_Tavola-disegno-1-copia-9-600x600.jpg 600w, https:\/\/pafritas.es\/wp-content\/uploads\/2019\/11\/ImagenProductos_Tavola-disegno-1-copia-9-200x200.jpg 200w, https:\/\/pafritas.es\/wp-content\/uploads\/2019\/11\/ImagenProductos_Tavola-disegno-1-copia-9.jpg 900w\" sizes=\"auto, (max-width: 300px) 100vw, 300px\" \/><div class=\"edgtf-pl-text\" style=\"text-align:center;\"><h7 class=\"edgtf-pl-text-inner\">140gr-fr<\/h7><\/div><div class=\"edgtf-pl-text\"><div class=\"edgtf-pl-text-outer\"><div class=\"edgtf-pl-text-inner\"><a href=\"https:\/\/pafritas.es\/fr\/boutique\/piment-despelette\/\" aria-describedby=\"woocommerce_loop_add_to_cart_link_describedby_18001\" data-quantity=\"1\" class=\"button product_type_variable add_to_cart_button\" data-product_id=\"18001\" data-product_sku=\"PimentDEspelette\" aria-label=\"S\u00e9lectionner les options pour &ldquo;Piment D\u00b4Espelette&rdquo;\" rel=\"nofollow\">Choix des options<\/a>\t<span id=\"woocommerce_loop_add_to_cart_link_describedby_18001\" class=\"screen-reader-text\">\n\t\tCe produit a plusieurs variations. Les options peuvent \u00eatre choisies sur la page du produit\t<\/span>\n<\/div><\/div><\/div><\/div><a href=\"https:\/\/pafritas.es\/fr\/boutique\/piment-despelette\/\" class=\"woocommerce-LoopProduct-link woocommerce-loop-product__link\"><\/a><\/div><div class=\"edgtf-pl-text-wrapper\">\t\t\t<p class=\"edgtf-pl-category\"><a href=\"https:\/\/pafritas.es\/fr\/categoria-producto\/pommes-de-terre-sautees\/\" rel=\"tag\">Pommes de Terre Saut\u00e9es<\/a><\/p>\n\t\t<h6 class=\"edgtf-product-list-title\"><a href=\"https:\/\/pafritas.es\/fr\/boutique\/piment-despelette\/\">Piment D\u00b4Espelette<\/a><\/h6><div class=\"edgtf-pl-rating-holder\"><div class=\"star-rating\" role=\"img\" aria-label=\"Note 5.00 sur 5\"><span style=\"width:100%\">Note <strong class=\"rating\">5.00<\/strong> sur 5<\/span><\/div><\/div>\n\t<span class=\"price\"><span class=\"woocommerce-Price-amount amount\"><bdi>3,00<span class=\"woocommerce-Price-currencySymbol\">&euro;<\/span><\/bdi><\/span><\/span>\n<\/div><\/li><\/ul>\n<\/div>[\/vc_column][\/vc_row]<\/p>\n<\/section>","protected":false},"excerpt":{"rendered":"<p>[vc_row css=&#8221;.vc_custom_1580809071462{margin-bottom: 60px !important;padding-top: 40px !important;padding-bottom: 45px !important;}&#8221;][vc_column][vc_row_inner row_content_width=&#8221;grid&#8221; css=&#8221;.vc_custom_1580294570541{padding-top: 20px !important;padding-bottom: 20px !important;}&#8221;][vc_column_inner width=&#8221;1\/3&#8243; css=&#8221;.vc_custom_1580294689289{padding-right: 25px !important;padding-left: 25px !important;}&#8221;][\/vc_column_inner][vc_column_inner width=&#8221;1\/3&#8243; css=&#8221;.vc_custom_1580294713464{padding-right: 25px !important;padding-left: 25px !important;}&#8221;][\/vc_column_inner][vc_column_inner width=&#8221;1\/3&#8243; css=&#8221;.vc_custom_1580294719090{padding-right: 25px !important;padding-left: 25px !important;}&#8221;][\/vc_column_inner][\/vc_row_inner][\/vc_column][\/vc_row][vc_row][vc_column][\/vc_column][\/vc_row][vc_row css=&#8221;.vc_custom_1563525611990{margin-top: 60px !important;margin-bottom: 60px !important;}&#8221;][vc_column][vc_empty_space height=&#8221;66px&#8221;][\/vc_column][\/vc_row]<\/p>\n","protected":false},"author":1,"featured_media":0,"parent":0,"menu_order":0,"comment_status":"closed","ping_status":"closed","template":"","meta":{"footnotes":""},"class_list":["post-17769","page","type-page","status-publish","hentry"],"yoast_head":"<!-- This site is optimized with the Yoast SEO plugin v25.0 - https:\/\/yoast.com\/wordpress\/plugins\/seo\/ -->\n<title>Chariot - Pafritas<\/title>\n<meta name=\"robots\" content=\"index, follow, max-snippet:-1, max-image-preview:large, max-video-preview:-1\" \/>\n<link rel=\"canonical\" href=\"https:\/\/pafritas.es\/fr\/chariot\/\" \/>\n<meta property=\"og:locale\" content=\"fr_FR\" \/>\n<meta property=\"og:type\" content=\"article\" \/>\n<meta property=\"og:title\" content=\"Chariot - Pafritas\" \/>\n<meta property=\"og:description\" content=\"[vc_row css=&#8221;.vc_custom_1580809071462{margin-bottom: 60px !important;padding-top: 40px !important;padding-bottom: 45px !important;}&#8221;][vc_column][vc_row_inner row_content_width=&#8221;grid&#8221; css=&#8221;.vc_custom_1580294570541{padding-top: 20px !important;padding-bottom: 20px !important;}&#8221;][vc_column_inner width=&#8221;1\/3&#8243; css=&#8221;.vc_custom_1580294689289{padding-right: 25px !important;padding-left: 25px !important;}&#8221;][\/vc_column_inner][vc_column_inner width=&#8221;1\/3&#8243; css=&#8221;.vc_custom_1580294713464{padding-right: 25px !important;padding-left: 25px !important;}&#8221;][\/vc_column_inner][vc_column_inner width=&#8221;1\/3&#8243; css=&#8221;.vc_custom_1580294719090{padding-right: 25px !important;padding-left: 25px !important;}&#8221;][\/vc_column_inner][\/vc_row_inner][\/vc_column][\/vc_row][vc_row][vc_column][\/vc_column][\/vc_row][vc_row css=&#8221;.vc_custom_1563525611990{margin-top: 60px !important;margin-bottom: 60px !important;}&#8221;][vc_column][vc_empty_space height=&#8221;66px&#8221;][\/vc_column][\/vc_row]\" \/>\n<meta property=\"og:url\" content=\"https:\/\/pafritas.es\/fr\/chariot\/\" \/>\n<meta property=\"og:site_name\" content=\"Pafritas: Patatas fritas artesanales\" \/>\n<meta property=\"article:publisher\" content=\"https:\/\/www.facebook.com\/pafritasartesano\" \/>\n<meta property=\"article:modified_time\" content=\"2021-10-28T09:27:30+00:00\" \/>\n<meta name=\"twitter:card\" content=\"summary_large_image\" \/>\n<meta name=\"twitter:site\" content=\"@Pafritas\" \/>\n<meta name=\"twitter:label1\" content=\"Est. reading time\" \/>\n\t<meta name=\"twitter:data1\" content=\"1 minute\" \/>\n<script type=\"application\/ld+json\" class=\"yoast-schema-graph\">{\"@context\":\"https:\/\/schema.org\",\"@graph\":[{\"@type\":\"WebPage\",\"@id\":\"https:\/\/pafritas.es\/fr\/chariot\/\",\"url\":\"https:\/\/pafritas.es\/fr\/chariot\/\",\"name\":\"Chariot - Pafritas\",\"isPartOf\":{\"@id\":\"https:\/\/pafritas.es\/fr\/#website\"},\"datePublished\":\"2021-05-14T12:21:39+00:00\",\"dateModified\":\"2021-10-28T09:27:30+00:00\",\"breadcrumb\":{\"@id\":\"https:\/\/pafritas.es\/fr\/chariot\/#breadcrumb\"},\"inLanguage\":\"fr-FR\",\"potentialAction\":[{\"@type\":\"ReadAction\",\"target\":[\"https:\/\/pafritas.es\/fr\/chariot\/\"]}]},{\"@type\":\"BreadcrumbList\",\"@id\":\"https:\/\/pafritas.es\/fr\/chariot\/#breadcrumb\",\"itemListElement\":[{\"@type\":\"ListItem\",\"position\":1,\"name\":\"Portada\",\"item\":\"https:\/\/pafritas.es\/fr\/\"},{\"@type\":\"ListItem\",\"position\":2,\"name\":\"Chariot\"}]},{\"@type\":\"WebSite\",\"@id\":\"https:\/\/pafritas.es\/fr\/#website\",\"url\":\"https:\/\/pafritas.es\/fr\/\",\"name\":\"Pafritas: Patatas fritas artesanales\",\"description\":\"Garantia de calidad\",\"publisher\":{\"@id\":\"https:\/\/pafritas.es\/fr\/#organization\"},\"potentialAction\":[{\"@type\":\"SearchAction\",\"target\":{\"@type\":\"EntryPoint\",\"urlTemplate\":\"https:\/\/pafritas.es\/fr\/?s={search_term_string}\"},\"query-input\":{\"@type\":\"PropertyValueSpecification\",\"valueRequired\":true,\"valueName\":\"search_term_string\"}}],\"inLanguage\":\"fr-FR\"},{\"@type\":\"Organization\",\"@id\":\"https:\/\/pafritas.es\/fr\/#organization\",\"name\":\"Pafritas\",\"url\":\"https:\/\/pafritas.es\/fr\/\",\"logo\":{\"@type\":\"ImageObject\",\"inLanguage\":\"fr-FR\",\"@id\":\"https:\/\/pafritas.es\/fr\/#\/schema\/logo\/image\/\",\"url\":\"https:\/\/pafritas.es\/wp-content\/uploads\/2013\/10\/Logotipo_Pafritas_Patatas_fritas_de_calidad-2.png\",\"contentUrl\":\"https:\/\/pafritas.es\/wp-content\/uploads\/2013\/10\/Logotipo_Pafritas_Patatas_fritas_de_calidad-2.png\",\"width\":155,\"height\":57,\"caption\":\"Pafritas\"},\"image\":{\"@id\":\"https:\/\/pafritas.es\/fr\/#\/schema\/logo\/image\/\"},\"sameAs\":[\"https:\/\/www.facebook.com\/pafritasartesano\",\"https:\/\/x.com\/Pafritas\",\"https:\/\/www.instagram.com\/pafritas_artesano\/\"]}]}<\/script>\n<!-- \/ Yoast SEO plugin. -->","yoast_head_json":{"title":"Chariot - Pafritas","robots":{"index":"index","follow":"follow","max-snippet":"max-snippet:-1","max-image-preview":"max-image-preview:large","max-video-preview":"max-video-preview:-1"},"canonical":"https:\/\/pafritas.es\/fr\/chariot\/","og_locale":"fr_FR","og_type":"article","og_title":"Chariot - Pafritas","og_description":"[vc_row css=&#8221;.vc_custom_1580809071462{margin-bottom: 60px !important;padding-top: 40px !important;padding-bottom: 45px !important;}&#8221;][vc_column][vc_row_inner row_content_width=&#8221;grid&#8221; css=&#8221;.vc_custom_1580294570541{padding-top: 20px !important;padding-bottom: 20px !important;}&#8221;][vc_column_inner width=&#8221;1\/3&#8243; css=&#8221;.vc_custom_1580294689289{padding-right: 25px !important;padding-left: 25px !important;}&#8221;][\/vc_column_inner][vc_column_inner width=&#8221;1\/3&#8243; css=&#8221;.vc_custom_1580294713464{padding-right: 25px !important;padding-left: 25px !important;}&#8221;][\/vc_column_inner][vc_column_inner width=&#8221;1\/3&#8243; css=&#8221;.vc_custom_1580294719090{padding-right: 25px !important;padding-left: 25px !important;}&#8221;][\/vc_column_inner][\/vc_row_inner][\/vc_column][\/vc_row][vc_row][vc_column][\/vc_column][\/vc_row][vc_row css=&#8221;.vc_custom_1563525611990{margin-top: 60px !important;margin-bottom: 60px !important;}&#8221;][vc_column][vc_empty_space height=&#8221;66px&#8221;][\/vc_column][\/vc_row]","og_url":"https:\/\/pafritas.es\/fr\/chariot\/","og_site_name":"Pafritas: Patatas fritas artesanales","article_publisher":"https:\/\/www.facebook.com\/pafritasartesano","article_modified_time":"2021-10-28T09:27:30+00:00","twitter_card":"summary_large_image","twitter_site":"@Pafritas","twitter_misc":{"Est. reading time":"1 minute"},"schema":{"@context":"https:\/\/schema.org","@graph":[{"@type":"WebPage","@id":"https:\/\/pafritas.es\/fr\/chariot\/","url":"https:\/\/pafritas.es\/fr\/chariot\/","name":"Chariot - Pafritas","isPartOf":{"@id":"https:\/\/pafritas.es\/fr\/#website"},"datePublished":"2021-05-14T12:21:39+00:00","dateModified":"2021-10-28T09:27:30+00:00","breadcrumb":{"@id":"https:\/\/pafritas.es\/fr\/chariot\/#breadcrumb"},"inLanguage":"fr-FR","potentialAction":[{"@type":"ReadAction","target":["https:\/\/pafritas.es\/fr\/chariot\/"]}]},{"@type":"BreadcrumbList","@id":"https:\/\/pafritas.es\/fr\/chariot\/#breadcrumb","itemListElement":[{"@type":"ListItem","position":1,"name":"Portada","item":"https:\/\/pafritas.es\/fr\/"},{"@type":"ListItem","position":2,"name":"Chariot"}]},{"@type":"WebSite","@id":"https:\/\/pafritas.es\/fr\/#website","url":"https:\/\/pafritas.es\/fr\/","name":"Pafritas: Patatas fritas artesanales","description":"Garantia de calidad","publisher":{"@id":"https:\/\/pafritas.es\/fr\/#organization"},"potentialAction":[{"@type":"SearchAction","target":{"@type":"EntryPoint","urlTemplate":"https:\/\/pafritas.es\/fr\/?s={search_term_string}"},"query-input":{"@type":"PropertyValueSpecification","valueRequired":true,"valueName":"search_term_string"}}],"inLanguage":"fr-FR"},{"@type":"Organization","@id":"https:\/\/pafritas.es\/fr\/#organization","name":"Pafritas","url":"https:\/\/pafritas.es\/fr\/","logo":{"@type":"ImageObject","inLanguage":"fr-FR","@id":"https:\/\/pafritas.es\/fr\/#\/schema\/logo\/image\/","url":"https:\/\/pafritas.es\/wp-content\/uploads\/2013\/10\/Logotipo_Pafritas_Patatas_fritas_de_calidad-2.png","contentUrl":"https:\/\/pafritas.es\/wp-content\/uploads\/2013\/10\/Logotipo_Pafritas_Patatas_fritas_de_calidad-2.png","width":155,"height":57,"caption":"Pafritas"},"image":{"@id":"https:\/\/pafritas.es\/fr\/#\/schema\/logo\/image\/"},"sameAs":["https:\/\/www.facebook.com\/pafritasartesano","https:\/\/x.com\/Pafritas","https:\/\/www.instagram.com\/pafritas_artesano\/"]}]}},"_links":{"self":[{"href":"https:\/\/pafritas.es\/fr\/wp-json\/wp\/v2\/pages\/17769","targetHints":{"allow":["GET"]}}],"collection":[{"href":"https:\/\/pafritas.es\/fr\/wp-json\/wp\/v2\/pages"}],"about":[{"href":"https:\/\/pafritas.es\/fr\/wp-json\/wp\/v2\/types\/page"}],"author":[{"embeddable":true,"href":"https:\/\/pafritas.es\/fr\/wp-json\/wp\/v2\/users\/1"}],"replies":[{"embeddable":true,"href":"https:\/\/pafritas.es\/fr\/wp-json\/wp\/v2\/comments?post=17769"}],"version-history":[{"count":4,"href":"https:\/\/pafritas.es\/fr\/wp-json\/wp\/v2\/pages\/17769\/revisions"}],"predecessor-version":[{"id":17928,"href":"https:\/\/pafritas.es\/fr\/wp-json\/wp\/v2\/pages\/17769\/revisions\/17928"}],"wp:attachment":[{"href":"https:\/\/pafritas.es\/fr\/wp-json\/wp\/v2\/media?parent=17769"}],"curies":[{"name":"wp","href":"https:\/\/api.w.org\/{rel}","templated":true}]}}