{"id":17719,"date":"2021-05-14T10:48:36","date_gmt":"2021-05-14T10:48:36","guid":{"rendered":"https:\/\/pafritas.es\/?page_id=17719"},"modified":"2021-06-02T06:34:34","modified_gmt":"2021-06-02T06:34:34","slug":"politique-des-cookies","status":"publish","type":"page","link":"https:\/\/pafritas.es\/fr\/politique-des-cookies\/","title":{"rendered":"Politique des cookies"},"content":{"rendered":"<section class=\"wpb-content-wrapper\"><p>[vc_row row_content_width=&#8221;grid&#8221; css=&#8221;.vc_custom_1566551866689{padding-top: 40px !important;padding-bottom: 80px !important;}&#8221;][vc_column][vc_column_text]<\/p>\n<h4>Politique des cookies<\/h4>\n<p>Un <em>cookie<\/em> est un petit fichier de texte qui est stock\u00e9 dans votre navigateur lorsque vous visitez presque n\u2019importe quel site Web. Son utilit\u00e9 est que le site est en mesure de se souvenir de votre visite lorsque vous naviguez sur cette page \u00e0 nouveau. Les <em>cookies<\/em> stockent g\u00e9n\u00e9ralement des informations techniques, des pr\u00e9f\u00e9rences personnelles, une personnalisation du contenu, des statistiques d\u2019utilisation, des liens vers les r\u00e9seaux sociaux, l\u2019acc\u00e8s aux comptes d\u2019utilisateurs, etc. Le but du <em>cookie<\/em> est d\u2019adapter le contenu du site Web \u00e0 votre profil et besoins, sans <em>cookies<\/em> les services offerts par n\u2019importe quelle page seraient consid\u00e9rablement r\u00e9duite. Si vous souhaitez plus d\u2019informations sur ce que les <em>cookies<\/em> sont, ce qu\u2019ils stockent, comment les supprimer, les d\u00e9sactiver, etc, <a href=\"https:\/\/pafritas.es\/informacion-sobre-las-cookies\/\">s\u2019il vous pla\u00eet d\u2019aller \u00e0 ce lien<\/a>.<\/p>\n<h4>Cookies utilis\u00e9s sur ce site web<\/h4>\n<p>En suivant les directives de l\u2019Agence Espagnole de Protection des Donn\u00e9es, nous proc\u00e9dons \u00e0 d\u00e9tailler l\u2019utilisation de <em>cookies<\/em> fabriqu\u00e9s par ce site afin de vous informer aussi pr\u00e9cis\u00e9ment que possible.<\/p>\n<p>Ce site utilise les <strong>cookies suivants<\/strong>:<\/p>\n<ul>\n<li>Cookies de session, pour s\u2019assurer que les utilisateurs qui \u00e9crivent des commentaires sur le blog sont des \u00eatres humains et non pas des applications automatis\u00e9es. Cela combat le <em>spam<\/em>.<\/li>\n<\/ul>\n<p>Ce site utilise les <strong><span class=\"VIiyi\" lang=\"fr\"><span class=\"JLqJ4b ChMk0b\" data-language-for-alternatives=\"fr\" data-language-to-translate-into=\"es\" data-phrase-index=\"0\">cookies tiers<\/span><\/span><\/strong>:<\/p>\n<ul>\n<li>Google Analytics : Stocke les <em>cookies<\/em> pour \u00eatre en mesure de compiler des statistiques sur le trafic et le volume des visites de ce site web. En utilisant ce site, vous consentez au traitement des informations qui vous concerne par Google. Par cons\u00e9quent, l\u2019exercice de tout droit \u00e0 cet \u00e9gard doit le faire en communiquant directement avec Google.<\/li>\n<li>R\u00e9seaux sociaux : Chaque r\u00e9seau social utilise ses propres <em>cookies<\/em> pour pouvoir cliquer sur les boutons <em>J\u2019aime<\/em> ou <em>Partager<\/em>.<\/li>\n<\/ul>\n<h4>D\u00e9sactivation ou suppression de cookies<\/h4>\n<p>\u00c0 tout moment, vous pouvez exercer votre droit de d\u00e9sactiver ou de supprimer des <em>cookies<\/em> de ce site Web. Ces actions sont effectu\u00e9es diff\u00e9remment selon le navigateur que vous utilisez. <a href=\"https:\/\/pafritas.es\/mas-informacion-sobre-las-cookies\/#navegadores\">Ici un guide rapide pour des navigateurs les plus populaires<\/a>.<\/p>\n<h4>Notes suppl\u00e9mentaires<\/h4>\n<ul>\n<li>Ni ce site web ni ses repr\u00e9sentants l\u00e9gaux sont responsables du contenu ou de la v\u00e9racit\u00e9 des politiques de confidentialit\u00e9 que les tiers mentionn\u00e9s dans cette politique peuvent avoir sur les <em>cookies<\/em>.<\/li>\n<li>Les navigateurs web sont les outils responsables du stockage des <em>cookies<\/em> et \u00e0 partir de cet endroit, vous devez exercer votre droit de les supprimer ou de les d\u00e9sactiver. Ni ce site ni ses repr\u00e9sentants l\u00e9gaux ne peuvent garantir la manipulation correcte ou incorrecte des <em>cookies<\/em> par les navigateurs susmentionn\u00e9s.<\/li>\n<li>Dans certains cas, il est n\u00e9cessaire d\u2019installer des <em>cookies<\/em> afin que le navigateur n\u2019oublie pas votre d\u00e9cision de ne pas les accepter.<\/li>\n<li>Dans le cas des <em>cookies<\/em> de Google Analytics, cette soci\u00e9t\u00e9 stocke des <em>cookies<\/em> sur des serveurs situ\u00e9s aux \u00c9tats-Unis et s\u2019engage \u00e0 ne pas les partager avec des tiers, sauf dans les cas o\u00f9 il est n\u00e9cessaire pour le fonctionnement du syst\u00e8me ou lorsque la loi l\u2019oblige \u00e0 le faire. Selon Google, il n\u2019enregistre pas votre adresse IP. Google Inc. est une soci\u00e9t\u00e9 qui adh\u00e8re \u00e0 l\u2019Accord sur la Sph\u00e8re de S\u00e9curit\u00e9 qui garantit que toutes les donn\u00e9es transf\u00e9r\u00e9es seront trait\u00e9es avec un niveau de protection conform\u00e9ment \u00e0 la r\u00e9glementation europ\u00e9enne. Des informations d\u00e9taill\u00e9es \u00e0 cet \u00e9gard peuvent \u00eatre trouv\u00e9es \u00e0 ce lien. Si vous voulez des informations sur l\u2019utilisation des <em>cookies<\/em> par Google, <a href=\"https:\/\/developers.google.com\/analytics\/devguides\/collection\/analyticsjs\/cookie-usage?hl=es&amp;csw=1\" target=\"_blank\" rel=\"noopener noreferrer\">nous vous attachons cet autre lien<\/a>.<\/li>\n<li>Pour toute question ou demande de renseignements sur cette politique de <em>cookies<\/em> n\u2019h\u00e9sitez pas \u00e0 nous contacter \u00e1 travers de la section contact.<\/li>\n<\/ul>\n<p>[\/vc_column_text][\/vc_column][\/vc_row]<\/p>\n<\/section>","protected":false},"excerpt":{"rendered":"<p>[vc_row row_content_width=&#8221;grid&#8221; css=&#8221;.vc_custom_1566551866689{padding-top: 40px !important;padding-bottom: 80px !important;}&#8221;][vc_column][vc_column_text] Politique des cookies Un cookie est un petit fichier de texte qui est stock\u00e9 dans votre navigateur lorsque vous visitez presque n\u2019importe quel site Web. Son utilit\u00e9 est que le site est en [&hellip;]<\/p>\n","protected":false},"author":1,"featured_media":0,"parent":0,"menu_order":0,"comment_status":"closed","ping_status":"closed","template":"full-width.php","meta":{"footnotes":""},"class_list":["post-17719","page","type-page","status-publish","hentry"],"yoast_head":"<!-- This site is optimized with the Yoast SEO plugin v25.0 - https:\/\/yoast.com\/wordpress\/plugins\/seo\/ -->\n<title>Politique des cookies - Pafritas<\/title>\n<meta name=\"robots\" content=\"noindex, follow\" \/>\n<meta property=\"og:locale\" content=\"fr_FR\" \/>\n<meta property=\"og:type\" content=\"article\" \/>\n<meta property=\"og:title\" content=\"Politique des cookies - Pafritas\" \/>\n<meta property=\"og:description\" content=\"[vc_row row_content_width=&#8221;grid&#8221; css=&#8221;.vc_custom_1566551866689{padding-top: 40px !important;padding-bottom: 80px !important;}&#8221;][vc_column][vc_column_text] Politique des cookies Un cookie est un petit fichier de texte qui est stock\u00e9 dans votre navigateur lorsque vous visitez presque n\u2019importe quel site Web. Son utilit\u00e9 est que le site est en [&hellip;]\" \/>\n<meta property=\"og:url\" content=\"https:\/\/pafritas.es\/fr\/politique-des-cookies\/\" \/>\n<meta property=\"og:site_name\" content=\"Pafritas: Patatas fritas artesanales\" \/>\n<meta property=\"article:publisher\" content=\"https:\/\/www.facebook.com\/pafritasartesano\" \/>\n<meta property=\"article:modified_time\" content=\"2021-06-02T06:34:34+00:00\" \/>\n<meta name=\"twitter:card\" content=\"summary_large_image\" \/>\n<meta name=\"twitter:site\" content=\"@Pafritas\" \/>\n<meta name=\"twitter:label1\" content=\"Est. reading time\" \/>\n\t<meta name=\"twitter:data1\" content=\"3 minutes\" \/>\n<script type=\"application\/ld+json\" class=\"yoast-schema-graph\">{\"@context\":\"https:\/\/schema.org\",\"@graph\":[{\"@type\":\"WebPage\",\"@id\":\"https:\/\/pafritas.es\/fr\/politique-des-cookies\/\",\"url\":\"https:\/\/pafritas.es\/fr\/politique-des-cookies\/\",\"name\":\"Politique des cookies - Pafritas\",\"isPartOf\":{\"@id\":\"https:\/\/pafritas.es\/fr\/#website\"},\"datePublished\":\"2021-05-14T10:48:36+00:00\",\"dateModified\":\"2021-06-02T06:34:34+00:00\",\"breadcrumb\":{\"@id\":\"https:\/\/pafritas.es\/fr\/politique-des-cookies\/#breadcrumb\"},\"inLanguage\":\"fr-FR\",\"potentialAction\":[{\"@type\":\"ReadAction\",\"target\":[\"https:\/\/pafritas.es\/fr\/politique-des-cookies\/\"]}]},{\"@type\":\"BreadcrumbList\",\"@id\":\"https:\/\/pafritas.es\/fr\/politique-des-cookies\/#breadcrumb\",\"itemListElement\":[{\"@type\":\"ListItem\",\"position\":1,\"name\":\"Portada\",\"item\":\"https:\/\/pafritas.es\/fr\/\"},{\"@type\":\"ListItem\",\"position\":2,\"name\":\"Politique des cookies\"}]},{\"@type\":\"WebSite\",\"@id\":\"https:\/\/pafritas.es\/fr\/#website\",\"url\":\"https:\/\/pafritas.es\/fr\/\",\"name\":\"Pafritas: Patatas fritas artesanales\",\"description\":\"Garantia de calidad\",\"publisher\":{\"@id\":\"https:\/\/pafritas.es\/fr\/#organization\"},\"potentialAction\":[{\"@type\":\"SearchAction\",\"target\":{\"@type\":\"EntryPoint\",\"urlTemplate\":\"https:\/\/pafritas.es\/fr\/?s={search_term_string}\"},\"query-input\":{\"@type\":\"PropertyValueSpecification\",\"valueRequired\":true,\"valueName\":\"search_term_string\"}}],\"inLanguage\":\"fr-FR\"},{\"@type\":\"Organization\",\"@id\":\"https:\/\/pafritas.es\/fr\/#organization\",\"name\":\"Pafritas\",\"url\":\"https:\/\/pafritas.es\/fr\/\",\"logo\":{\"@type\":\"ImageObject\",\"inLanguage\":\"fr-FR\",\"@id\":\"https:\/\/pafritas.es\/fr\/#\/schema\/logo\/image\/\",\"url\":\"https:\/\/pafritas.es\/wp-content\/uploads\/2013\/10\/Logotipo_Pafritas_Patatas_fritas_de_calidad-2.png\",\"contentUrl\":\"https:\/\/pafritas.es\/wp-content\/uploads\/2013\/10\/Logotipo_Pafritas_Patatas_fritas_de_calidad-2.png\",\"width\":155,\"height\":57,\"caption\":\"Pafritas\"},\"image\":{\"@id\":\"https:\/\/pafritas.es\/fr\/#\/schema\/logo\/image\/\"},\"sameAs\":[\"https:\/\/www.facebook.com\/pafritasartesano\",\"https:\/\/x.com\/Pafritas\",\"https:\/\/www.instagram.com\/pafritas_artesano\/\"]}]}<\/script>\n<!-- \/ Yoast SEO plugin. -->","yoast_head_json":{"title":"Politique des cookies - Pafritas","robots":{"index":"noindex","follow":"follow"},"og_locale":"fr_FR","og_type":"article","og_title":"Politique des cookies - Pafritas","og_description":"[vc_row row_content_width=&#8221;grid&#8221; css=&#8221;.vc_custom_1566551866689{padding-top: 40px !important;padding-bottom: 80px !important;}&#8221;][vc_column][vc_column_text] Politique des cookies Un cookie est un petit fichier de texte qui est stock\u00e9 dans votre navigateur lorsque vous visitez presque n\u2019importe quel site Web. Son utilit\u00e9 est que le site est en [&hellip;]","og_url":"https:\/\/pafritas.es\/fr\/politique-des-cookies\/","og_site_name":"Pafritas: Patatas fritas artesanales","article_publisher":"https:\/\/www.facebook.com\/pafritasartesano","article_modified_time":"2021-06-02T06:34:34+00:00","twitter_card":"summary_large_image","twitter_site":"@Pafritas","twitter_misc":{"Est. reading time":"3 minutes"},"schema":{"@context":"https:\/\/schema.org","@graph":[{"@type":"WebPage","@id":"https:\/\/pafritas.es\/fr\/politique-des-cookies\/","url":"https:\/\/pafritas.es\/fr\/politique-des-cookies\/","name":"Politique des cookies - Pafritas","isPartOf":{"@id":"https:\/\/pafritas.es\/fr\/#website"},"datePublished":"2021-05-14T10:48:36+00:00","dateModified":"2021-06-02T06:34:34+00:00","breadcrumb":{"@id":"https:\/\/pafritas.es\/fr\/politique-des-cookies\/#breadcrumb"},"inLanguage":"fr-FR","potentialAction":[{"@type":"ReadAction","target":["https:\/\/pafritas.es\/fr\/politique-des-cookies\/"]}]},{"@type":"BreadcrumbList","@id":"https:\/\/pafritas.es\/fr\/politique-des-cookies\/#breadcrumb","itemListElement":[{"@type":"ListItem","position":1,"name":"Portada","item":"https:\/\/pafritas.es\/fr\/"},{"@type":"ListItem","position":2,"name":"Politique des cookies"}]},{"@type":"WebSite","@id":"https:\/\/pafritas.es\/fr\/#website","url":"https:\/\/pafritas.es\/fr\/","name":"Pafritas: Patatas fritas artesanales","description":"Garantia de calidad","publisher":{"@id":"https:\/\/pafritas.es\/fr\/#organization"},"potentialAction":[{"@type":"SearchAction","target":{"@type":"EntryPoint","urlTemplate":"https:\/\/pafritas.es\/fr\/?s={search_term_string}"},"query-input":{"@type":"PropertyValueSpecification","valueRequired":true,"valueName":"search_term_string"}}],"inLanguage":"fr-FR"},{"@type":"Organization","@id":"https:\/\/pafritas.es\/fr\/#organization","name":"Pafritas","url":"https:\/\/pafritas.es\/fr\/","logo":{"@type":"ImageObject","inLanguage":"fr-FR","@id":"https:\/\/pafritas.es\/fr\/#\/schema\/logo\/image\/","url":"https:\/\/pafritas.es\/wp-content\/uploads\/2013\/10\/Logotipo_Pafritas_Patatas_fritas_de_calidad-2.png","contentUrl":"https:\/\/pafritas.es\/wp-content\/uploads\/2013\/10\/Logotipo_Pafritas_Patatas_fritas_de_calidad-2.png","width":155,"height":57,"caption":"Pafritas"},"image":{"@id":"https:\/\/pafritas.es\/fr\/#\/schema\/logo\/image\/"},"sameAs":["https:\/\/www.facebook.com\/pafritasartesano","https:\/\/x.com\/Pafritas","https:\/\/www.instagram.com\/pafritas_artesano\/"]}]}},"_links":{"self":[{"href":"https:\/\/pafritas.es\/fr\/wp-json\/wp\/v2\/pages\/17719","targetHints":{"allow":["GET"]}}],"collection":[{"href":"https:\/\/pafritas.es\/fr\/wp-json\/wp\/v2\/pages"}],"about":[{"href":"https:\/\/pafritas.es\/fr\/wp-json\/wp\/v2\/types\/page"}],"author":[{"embeddable":true,"href":"https:\/\/pafritas.es\/fr\/wp-json\/wp\/v2\/users\/1"}],"replies":[{"embeddable":true,"href":"https:\/\/pafritas.es\/fr\/wp-json\/wp\/v2\/comments?post=17719"}],"version-history":[{"count":1,"href":"https:\/\/pafritas.es\/fr\/wp-json\/wp\/v2\/pages\/17719\/revisions"}],"predecessor-version":[{"id":17720,"href":"https:\/\/pafritas.es\/fr\/wp-json\/wp\/v2\/pages\/17719\/revisions\/17720"}],"wp:attachment":[{"href":"https:\/\/pafritas.es\/fr\/wp-json\/wp\/v2\/media?parent=17719"}],"curies":[{"name":"wp","href":"https:\/\/api.w.org\/{rel}","templated":true}]}}