{"id":17794,"date":"2021-03-19T09:56:07","date_gmt":"2021-03-19T09:56:07","guid":{"rendered":"https:\/\/pafritas.es\/el-gourmet-de-la-roja\/"},"modified":"2021-10-28T09:12:21","modified_gmt":"2021-10-28T09:12:21","slug":"the-gourmet-of-la-roja","status":"publish","type":"page","link":"https:\/\/pafritas.es\/en\/the-gourmet-of-la-roja\/","title":{"rendered":"The Gourmet of La Roja"},"content":{"rendered":"<section class=\"wpb-content-wrapper\"><p>[vc_row css=&#8221;.vc_custom_1615373740670{padding-top: 80px !important;padding-bottom: 80px !important;background-color: #f2f2f2 !important;}&#8221;][vc_column][vc_row_inner row_content_width=&#8221;grid&#8221;][vc_column_inner width=&#8221;4\/12&#8243;]<div class=\"edgtf-elements-holder edgtf-one-column edgtf-responsive-mode-768\" ><div class=\"edgtf-eh-item \"  data-item-class=\"edgtf-eh-custom-411022\" data-768-1024=\"0 0 60px 0\" data-600-768=\"0 0 60px 0\" data-480-600=\"0 0 60px 0\" data-480=\"0 10px 60px 10px\">\n\t<div class=\"edgtf-eh-item-inner\">\n\t\t<div class=\"edgtf-eh-item-content edgtf-eh-custom-411022\" style=\"padding: 0 20% 0 20%\">\n\t\t\t[vc_single_image image=&#8221;17520&#8243; img_size=&#8221;full&#8221;]\t\t<\/div>\n\t<\/div>\n<\/div><\/div>[\/vc_column_inner][vc_column_inner width=&#8221;8\/12&#8243;]<div class=\"edgtf-elements-holder edgtf-one-column edgtf-responsive-mode-768\" ><div class=\"edgtf-eh-item \"  data-item-class=\"edgtf-eh-custom-352560\">\n\t<div class=\"edgtf-eh-item-inner\">\n\t\t<div class=\"edgtf-eh-item-content edgtf-eh-custom-352560\" >\n\t\t\t<div class=\"edgtf-section-title-holder\" >\n\t\t\t\t\t<h2 class=\"edgtf-st-title\" style=\"font-size: 30px;color: #000000;font-weight: 700\">\n\t\t\t<span>Pafritas and El Gourmet de La Roja<\/span>\n\t\t<\/h2>\n\t\t<\/div>[vc_column_text]<\/p>\n<div class=\"page\" title=\"Page 2\">\n<div class=\"layoutArea\">\n<div class=\"column\">\n<p>El <strong>Gourmet de La Roja<\/strong> is an official gastronomic project licensed by the Royal Spanish Football Federation (RFEF) whose objective is to transmit the gastronomic excellence of Spain through the values \u200b\u200bof the beautiful sport and of our National Team.<\/p>\n<\/div>\n<\/div>\n<\/div>\n<p>From <strong>Pafritas<\/strong> we have created some aperitifs that pay tribute to La Roja. Some fried potatoes with sea salt fried in olive oil that recall the typical flavor of \u201cchurreria potatoes\u201d, pork rinds cooked in their same fat and some stick potatoes that are perfect to accompany a good dinner enjoying a National Team match.[\/vc_column_text]\t\t<\/div>\n\t<\/div>\n<\/div><\/div>[\/vc_column_inner][\/vc_row_inner][\/vc_column][\/vc_row][vc_row css=&#8221;.vc_custom_1615380442574{padding-top: 80px !important;padding-bottom: 70px !important;background-image: url(https:\/\/pafritas.es\/wp-content\/uploads\/2021\/03\/FondoGourmet.png?id=17511) !important;background-position: 0 0 !important;background-repeat: no-repeat !important;}&#8221; el_id=&#8221;video_gourmet&#8221;][vc_column][vc_row_inner row_content_width=&#8221;grid&#8221;][vc_column_inner]<div class=\"edgtf-elements-holder edgtf-one-column edgtf-responsive-mode-768\" ><div class=\"edgtf-eh-item \"  data-item-class=\"edgtf-eh-custom-673204\">\n\t<div class=\"edgtf-eh-item-inner\">\n\t\t<div class=\"edgtf-eh-item-content edgtf-eh-custom-673204\" >\n\t\t\t<div class=\"edgtf-section-title-holder\" >\n\t\t\t\t\t\t<h2 class=\"edgtf-section-before-title\" >Our players with<\/h2>\n\t\t\t\t<h1 class=\"edgtf-st-title\" style=\"color: #000000\">\n\t\t\t<span>The Gourmet of La Roja<\/span>\n\t\t<\/h1>\n\t\t<\/div>[vc_single_image image=&#8221;17501&#8243; img_size=&#8221;92&#215;8&#8243; css=&#8221;.vc_custom_1615375458946{margin-top: 8px !important;}&#8221;][vc_empty_space][vc_video link=&#8221;https:\/\/www.youtube.com\/watch?v=0q1agX9ohrk&#8221; align=&#8221;center&#8221;]\t\t<\/div>\n\t<\/div>\n<\/div><\/div>[\/vc_column_inner][\/vc_row_inner][\/vc_column][\/vc_row][vc_row css=&#8221;.vc_custom_1615380475293{padding-bottom: 40px !important;background-position: 0 0 !important;background-repeat: no-repeat !important;}&#8221;][vc_column][vc_row_inner row_content_width=&#8221;grid&#8221;][vc_column_inner]<div class=\"edgtf-elements-holder edgtf-one-column edgtf-responsive-mode-768\" ><div class=\"edgtf-eh-item \"  data-item-class=\"edgtf-eh-custom-572981\">\n\t<div class=\"edgtf-eh-item-inner\">\n\t\t<div class=\"edgtf-eh-item-content edgtf-eh-custom-572981\" >\n\t\t\t[vc_column_text el_id=&#8221;title_seleccion&#8221; el_class=&#8221;tipografia_gourmet&#8221; css=&#8221;.vc_custom_1635412053727{margin-bottom: -50px !important;}&#8221;]<\/p>\n<h3 style=\"font-size: 80px; text-align: center;\">Discover<\/h3>\n<p>[\/vc_column_text][vc_column_text el_id=&#8221;title_seleccion&#8221;]<\/p>\n<div class=\"edgtf-section-title-holder\">\n<h1 style=\"font-size: 45px; text-align: center;\"><span class=\"edgtf-st-title\">Our SELECTION<\/span><\/h1>\n<\/div>\n<p>[\/vc_column_text]\t\t<\/div>\n\t<\/div>\n<\/div><\/div>[\/vc_column_inner][\/vc_row_inner][\/vc_column][\/vc_row][vc_row css=&#8221;.vc_custom_1615458222900{margin-top: 20px !important;margin-bottom: 50px !important;}&#8221;][vc_column css=&#8221;.vc_custom_1488884418942{padding-top: 0px !important;}&#8221;]<div class=\"edgtf-elements-holder edgtf-four-columns edgtf-responsive-mode-1024\" ><div class=\"edgtf-eh-item edgtf-horizontal-alignment-center\"  data-item-class=\"edgtf-eh-custom-551569\">\n\t<div class=\"edgtf-eh-item-inner\">\n\t\t<div class=\"edgtf-eh-item-content edgtf-eh-custom-551569\" >\n\t\t\t[vc_single_image image=&#8221;17572&#8243; img_size=&#8221;full&#8221; alignment=&#8221;center&#8221;]\t\t<\/div>\n\t<\/div>\n<\/div><div class=\"edgtf-eh-item edgtf-horizontal-alignment-center\"  data-item-class=\"edgtf-eh-custom-723390\">\n\t<div class=\"edgtf-eh-item-inner\">\n\t\t<div class=\"edgtf-eh-item-content edgtf-eh-custom-723390\" >\n\t\t\t[vc_single_image image=&#8221;17573&#8243; img_size=&#8221;full&#8221; alignment=&#8221;center&#8221;]\t\t<\/div>\n\t<\/div>\n<\/div><div class=\"edgtf-eh-item edgtf-horizontal-alignment-center\"  data-item-class=\"edgtf-eh-custom-598897\">\n\t<div class=\"edgtf-eh-item-inner\">\n\t\t<div class=\"edgtf-eh-item-content edgtf-eh-custom-598897\" >\n\t\t\t[vc_single_image image=&#8221;17574&#8243; img_size=&#8221;full&#8221; alignment=&#8221;center&#8221;]\t\t<\/div>\n\t<\/div>\n<\/div><div class=\"edgtf-eh-item edgtf-horizontal-alignment-center\"  data-item-class=\"edgtf-eh-custom-947129\">\n\t<div class=\"edgtf-eh-item-inner\">\n\t\t<div class=\"edgtf-eh-item-content edgtf-eh-custom-947129\" >\n\t\t\t[vc_single_image image=&#8221;17575&#8243; img_size=&#8221;full&#8221; alignment=&#8221;center&#8221;]\t\t<\/div>\n\t<\/div>\n<\/div><\/div>[\/vc_column][\/vc_row][vc_row css=&#8221;.vc_custom_1615380475293{padding-bottom: 40px !important;background-position: 0 0 !important;background-repeat: no-repeat !important;}&#8221;][vc_column][vc_row_inner row_content_width=&#8221;grid&#8221;][vc_column_inner]<div class=\"edgtf-elements-holder edgtf-one-column edgtf-responsive-mode-768\" ><div class=\"edgtf-eh-item \"  data-item-class=\"edgtf-eh-custom-543338\">\n\t<div class=\"edgtf-eh-item-inner\">\n\t\t<div class=\"edgtf-eh-item-content edgtf-eh-custom-543338\" >\n\t\t\t[vc_btn title=&#8221;GO TO THE ONLINE STORE&#8221; shape=&#8221;square&#8221; size=&#8221;lg&#8221; align=&#8221;center&#8221; el_id=&#8221;boton_gourmet&#8221; link=&#8221;url:https%3A%2F%2Fpafritas.es%2Fen%2Fshop%2F|title:Tienda&#8221;]\t\t<\/div>\n\t<\/div>\n<\/div><\/div>[\/vc_column_inner][\/vc_row_inner][\/vc_column][\/vc_row][vc_row css=&#8221;.vc_custom_1615459540474{padding-top: 120px !important;padding-right: 80px !important;padding-bottom: 150px !important;padding-left: 80px !important;background-image: url(https:\/\/pafritas.es\/wp-content\/uploads\/2021\/03\/Back_content.png?id=17537) !important;background-position: center !important;background-repeat: no-repeat !important;background-size: cover !important;}&#8221; el_id=&#8221;botton_content&#8221;][vc_column][vc_row_inner content_text_aligment=&#8221;center&#8221;][vc_column_inner][vc_single_image image=&#8221;17596&#8243; img_size=&#8221;full&#8221; alignment=&#8221;center&#8221; css=&#8221;.vc_custom_1616494037579{margin-bottom: 50px !important;}&#8221;][vc_column_text]<\/p>\n<div class=\"edgtf-section-title-holder\">\n<h4><span style=\"color: #85754e; font-size: 93px;\">\u201c<\/span>\u00a0<span style=\"color: #ffffff;\"><span style=\"font-size: 38px;\">Potatoes with national flavour<\/span><\/span><span style=\"color: #85754e; font-size: 93px;\">\u201d<\/span><\/h4>\n<\/div>\n<p>[\/vc_column_text][\/vc_column_inner][\/vc_row_inner][\/vc_column][\/vc_row]<\/p>\n<\/section>","protected":false},"excerpt":{"rendered":"<p>[vc_row css=&#8221;.vc_custom_1615373740670{padding-top: 80px !important;padding-bottom: 80px !important;background-color: #f2f2f2 !important;}&#8221;][vc_column][vc_row_inner row_content_width=&#8221;grid&#8221;][vc_column_inner width=&#8221;4\/12&#8243;][\/vc_column_inner][vc_column_inner width=&#8221;8\/12&#8243;][\/vc_column_inner][\/vc_row_inner][\/vc_column][\/vc_row][vc_row css=&#8221;.vc_custom_1615380442574{padding-top: 80px !important;padding-bottom: 70px !important;background-image: url(https:\/\/pafritas.es\/wp-content\/uploads\/2021\/03\/FondoGourmet.png?id=17511) !important;background-position: 0 0 !important;background-repeat: no-repeat !important;}&#8221; el_id=&#8221;video_gourmet&#8221;][vc_column][vc_row_inner row_content_width=&#8221;grid&#8221;][vc_column_inner][\/vc_column_inner][\/vc_row_inner][\/vc_column][\/vc_row][vc_row css=&#8221;.vc_custom_1615380475293{padding-bottom: 40px !important;background-position: 0 0 !important;background-repeat: no-repeat !important;}&#8221;][vc_column][vc_row_inner row_content_width=&#8221;grid&#8221;][vc_column_inner][\/vc_column_inner][\/vc_row_inner][\/vc_column][\/vc_row][vc_row css=&#8221;.vc_custom_1615458222900{margin-top: 20px !important;margin-bottom: 50px !important;}&#8221;][vc_column css=&#8221;.vc_custom_1488884418942{padding-top: [&hellip;]<\/p>\n","protected":false},"author":1,"featured_media":0,"parent":0,"menu_order":0,"comment_status":"closed","ping_status":"closed","template":"full-width.php","meta":{"footnotes":""},"class_list":["post-17794","page","type-page","status-publish","hentry"],"yoast_head":"<!-- This site is optimized with the Yoast SEO plugin v25.0 - https:\/\/yoast.com\/wordpress\/plugins\/seo\/ -->\n<title>The Gourmet of La Roja - Pafritas<\/title>\n<meta name=\"description\" content=\"Pafritas colabora con El Gourmet de La Roja con una l\u00ednea de productos exclusivos que apoyan a la Selecci\u00f3n Espa\u00f1ola de F\u00fatbol.\" \/>\n<meta name=\"robots\" content=\"index, follow, max-snippet:-1, max-image-preview:large, max-video-preview:-1\" \/>\n<link rel=\"canonical\" href=\"https:\/\/pafritas.es\/en\/the-gourmet-of-la-roja\/\" \/>\n<meta property=\"og:locale\" content=\"en_US\" \/>\n<meta property=\"og:type\" content=\"article\" \/>\n<meta property=\"og:title\" content=\"The Gourmet of La Roja - Pafritas\" \/>\n<meta property=\"og:description\" content=\"Pafritas colabora con El Gourmet de La Roja con una l\u00ednea de productos exclusivos que apoyan a la Selecci\u00f3n Espa\u00f1ola de F\u00fatbol.\" \/>\n<meta property=\"og:url\" content=\"https:\/\/pafritas.es\/en\/the-gourmet-of-la-roja\/\" \/>\n<meta property=\"og:site_name\" content=\"Pafritas: Patatas fritas artesanales\" \/>\n<meta property=\"article:publisher\" content=\"https:\/\/www.facebook.com\/pafritasartesano\" \/>\n<meta property=\"article:modified_time\" content=\"2021-10-28T09:12:21+00:00\" \/>\n<meta name=\"twitter:card\" content=\"summary_large_image\" \/>\n<meta name=\"twitter:site\" content=\"@Pafritas\" \/>\n<meta name=\"twitter:label1\" content=\"Est. reading time\" \/>\n\t<meta name=\"twitter:data1\" content=\"2 minutes\" \/>\n<script type=\"application\/ld+json\" class=\"yoast-schema-graph\">{\"@context\":\"https:\/\/schema.org\",\"@graph\":[{\"@type\":\"WebPage\",\"@id\":\"https:\/\/pafritas.es\/en\/the-gourmet-of-la-roja\/\",\"url\":\"https:\/\/pafritas.es\/en\/the-gourmet-of-la-roja\/\",\"name\":\"The Gourmet of La Roja - Pafritas\",\"isPartOf\":{\"@id\":\"https:\/\/pafritas.es\/en\/#website\"},\"datePublished\":\"2021-03-19T09:56:07+00:00\",\"dateModified\":\"2021-10-28T09:12:21+00:00\",\"description\":\"Pafritas colabora con El Gourmet de La Roja con una l\u00ednea de productos exclusivos que apoyan a la Selecci\u00f3n Espa\u00f1ola de F\u00fatbol.\",\"breadcrumb\":{\"@id\":\"https:\/\/pafritas.es\/en\/the-gourmet-of-la-roja\/#breadcrumb\"},\"inLanguage\":\"en-US\",\"potentialAction\":[{\"@type\":\"ReadAction\",\"target\":[\"https:\/\/pafritas.es\/en\/the-gourmet-of-la-roja\/\"]}]},{\"@type\":\"BreadcrumbList\",\"@id\":\"https:\/\/pafritas.es\/en\/the-gourmet-of-la-roja\/#breadcrumb\",\"itemListElement\":[{\"@type\":\"ListItem\",\"position\":1,\"name\":\"Portada\",\"item\":\"https:\/\/pafritas.es\/en\/\"},{\"@type\":\"ListItem\",\"position\":2,\"name\":\"The Gourmet of La Roja\"}]},{\"@type\":\"WebSite\",\"@id\":\"https:\/\/pafritas.es\/en\/#website\",\"url\":\"https:\/\/pafritas.es\/en\/\",\"name\":\"Pafritas: Patatas fritas artesanales\",\"description\":\"Garantia de calidad\",\"publisher\":{\"@id\":\"https:\/\/pafritas.es\/en\/#organization\"},\"potentialAction\":[{\"@type\":\"SearchAction\",\"target\":{\"@type\":\"EntryPoint\",\"urlTemplate\":\"https:\/\/pafritas.es\/en\/?s={search_term_string}\"},\"query-input\":{\"@type\":\"PropertyValueSpecification\",\"valueRequired\":true,\"valueName\":\"search_term_string\"}}],\"inLanguage\":\"en-US\"},{\"@type\":\"Organization\",\"@id\":\"https:\/\/pafritas.es\/en\/#organization\",\"name\":\"Pafritas\",\"url\":\"https:\/\/pafritas.es\/en\/\",\"logo\":{\"@type\":\"ImageObject\",\"inLanguage\":\"en-US\",\"@id\":\"https:\/\/pafritas.es\/en\/#\/schema\/logo\/image\/\",\"url\":\"https:\/\/pafritas.es\/wp-content\/uploads\/2013\/10\/Logotipo_Pafritas_Patatas_fritas_de_calidad-2.png\",\"contentUrl\":\"https:\/\/pafritas.es\/wp-content\/uploads\/2013\/10\/Logotipo_Pafritas_Patatas_fritas_de_calidad-2.png\",\"width\":155,\"height\":57,\"caption\":\"Pafritas\"},\"image\":{\"@id\":\"https:\/\/pafritas.es\/en\/#\/schema\/logo\/image\/\"},\"sameAs\":[\"https:\/\/www.facebook.com\/pafritasartesano\",\"https:\/\/x.com\/Pafritas\",\"https:\/\/www.instagram.com\/pafritas_artesano\/\"]}]}<\/script>\n<!-- \/ Yoast SEO plugin. -->","yoast_head_json":{"title":"The Gourmet of La Roja - Pafritas","description":"Pafritas colabora con El Gourmet de La Roja con una l\u00ednea de productos exclusivos que apoyan a la Selecci\u00f3n Espa\u00f1ola de F\u00fatbol.","robots":{"index":"index","follow":"follow","max-snippet":"max-snippet:-1","max-image-preview":"max-image-preview:large","max-video-preview":"max-video-preview:-1"},"canonical":"https:\/\/pafritas.es\/en\/the-gourmet-of-la-roja\/","og_locale":"en_US","og_type":"article","og_title":"The Gourmet of La Roja - Pafritas","og_description":"Pafritas colabora con El Gourmet de La Roja con una l\u00ednea de productos exclusivos que apoyan a la Selecci\u00f3n Espa\u00f1ola de F\u00fatbol.","og_url":"https:\/\/pafritas.es\/en\/the-gourmet-of-la-roja\/","og_site_name":"Pafritas: Patatas fritas artesanales","article_publisher":"https:\/\/www.facebook.com\/pafritasartesano","article_modified_time":"2021-10-28T09:12:21+00:00","twitter_card":"summary_large_image","twitter_site":"@Pafritas","twitter_misc":{"Est. reading time":"2 minutes"},"schema":{"@context":"https:\/\/schema.org","@graph":[{"@type":"WebPage","@id":"https:\/\/pafritas.es\/en\/the-gourmet-of-la-roja\/","url":"https:\/\/pafritas.es\/en\/the-gourmet-of-la-roja\/","name":"The Gourmet of La Roja - Pafritas","isPartOf":{"@id":"https:\/\/pafritas.es\/en\/#website"},"datePublished":"2021-03-19T09:56:07+00:00","dateModified":"2021-10-28T09:12:21+00:00","description":"Pafritas colabora con El Gourmet de La Roja con una l\u00ednea de productos exclusivos que apoyan a la Selecci\u00f3n Espa\u00f1ola de F\u00fatbol.","breadcrumb":{"@id":"https:\/\/pafritas.es\/en\/the-gourmet-of-la-roja\/#breadcrumb"},"inLanguage":"en-US","potentialAction":[{"@type":"ReadAction","target":["https:\/\/pafritas.es\/en\/the-gourmet-of-la-roja\/"]}]},{"@type":"BreadcrumbList","@id":"https:\/\/pafritas.es\/en\/the-gourmet-of-la-roja\/#breadcrumb","itemListElement":[{"@type":"ListItem","position":1,"name":"Portada","item":"https:\/\/pafritas.es\/en\/"},{"@type":"ListItem","position":2,"name":"The Gourmet of La Roja"}]},{"@type":"WebSite","@id":"https:\/\/pafritas.es\/en\/#website","url":"https:\/\/pafritas.es\/en\/","name":"Pafritas: Patatas fritas artesanales","description":"Garantia de calidad","publisher":{"@id":"https:\/\/pafritas.es\/en\/#organization"},"potentialAction":[{"@type":"SearchAction","target":{"@type":"EntryPoint","urlTemplate":"https:\/\/pafritas.es\/en\/?s={search_term_string}"},"query-input":{"@type":"PropertyValueSpecification","valueRequired":true,"valueName":"search_term_string"}}],"inLanguage":"en-US"},{"@type":"Organization","@id":"https:\/\/pafritas.es\/en\/#organization","name":"Pafritas","url":"https:\/\/pafritas.es\/en\/","logo":{"@type":"ImageObject","inLanguage":"en-US","@id":"https:\/\/pafritas.es\/en\/#\/schema\/logo\/image\/","url":"https:\/\/pafritas.es\/wp-content\/uploads\/2013\/10\/Logotipo_Pafritas_Patatas_fritas_de_calidad-2.png","contentUrl":"https:\/\/pafritas.es\/wp-content\/uploads\/2013\/10\/Logotipo_Pafritas_Patatas_fritas_de_calidad-2.png","width":155,"height":57,"caption":"Pafritas"},"image":{"@id":"https:\/\/pafritas.es\/en\/#\/schema\/logo\/image\/"},"sameAs":["https:\/\/www.facebook.com\/pafritasartesano","https:\/\/x.com\/Pafritas","https:\/\/www.instagram.com\/pafritas_artesano\/"]}]}},"_links":{"self":[{"href":"https:\/\/pafritas.es\/en\/wp-json\/wp\/v2\/pages\/17794","targetHints":{"allow":["GET"]}}],"collection":[{"href":"https:\/\/pafritas.es\/en\/wp-json\/wp\/v2\/pages"}],"about":[{"href":"https:\/\/pafritas.es\/en\/wp-json\/wp\/v2\/types\/page"}],"author":[{"embeddable":true,"href":"https:\/\/pafritas.es\/en\/wp-json\/wp\/v2\/users\/1"}],"replies":[{"embeddable":true,"href":"https:\/\/pafritas.es\/en\/wp-json\/wp\/v2\/comments?post=17794"}],"version-history":[{"count":7,"href":"https:\/\/pafritas.es\/en\/wp-json\/wp\/v2\/pages\/17794\/revisions"}],"predecessor-version":[{"id":17916,"href":"https:\/\/pafritas.es\/en\/wp-json\/wp\/v2\/pages\/17794\/revisions\/17916"}],"wp:attachment":[{"href":"https:\/\/pafritas.es\/en\/wp-json\/wp\/v2\/media?parent=17794"}],"curies":[{"name":"wp","href":"https:\/\/api.w.org\/{rel}","templated":true}]}}